{"id":66,"date":"2017-04-20T02:31:16","date_gmt":"2017-04-20T02:31:16","guid":{"rendered":"http:\/\/winklerltda.cl\/quimicav2\/?page_id=66"},"modified":"2023-06-20T14:30:00","modified_gmt":"2023-06-20T17:30:00","slug":"catalogos-y-manuales","status":"publish","type":"page","link":"https:\/\/winklerltda.cl\/quimicav2\/catalogos-y-manuales\/","title":{"rendered":"Cat\u00e1logos y manuales"},"content":{"rendered":"<div class=\"wpb-content-wrapper\"><p>[vc_row css_animation=\u00bb\u00bb row_type=\u00bbrow\u00bb use_row_as_full_screen_section=\u00bbno\u00bb type=\u00bbfull_width\u00bb angled_section=\u00bbno\u00bb text_align=\u00bbleft\u00bb background_image_as_pattern=\u00bbwithout_pattern\u00bb css=\u00bb.vc_custom_1492647274722{margin-top: 0px !important;margin-bottom: 0px !important;padding-top: 40px !important;padding-bottom: 40px !important;}\u00bb][vc_column][vc_row_inner row_type=\u00bbrow\u00bb type=\u00bbgrid\u00bb text_align=\u00bbleft\u00bb css_animation=\u00bb\u00bb el_class=\u00bbpdf\u00bb css=\u00bb.vc_custom_1492662370449{padding-bottom: 20px !important;}\u00bb][vc_column_inner width=\u00bb1\/4&#8243;]<div class=\"q_image_with_text_over q_iwto_hover\"><div class=\"shader\" style=\"background-color: rgba(0,0,0,0.5)\"><\/div><div class=\"shader_hover\" style=\"background-color: rgba(0,0,0,0.65)\"><\/div><img decoding=\"async\" itemprop=\"image\" src=\"https:\/\/winklerltda.cl\/quimicav2\/wp-content\/uploads\/2017\/04\/milwaukee.jpg\" alt=\"\" \/><div class=\"text\"><table><tr><td><h3 class=\"caption no_icon\" style=\"color: #ffffff;\">Cat\u00e1logo Milwaukee<\/h3><\/td><\/tr><\/table><table><tr><td><div class=\"desc\"><a  itemprop=\"url\" href=\"https:\/\/winklerltda.cl\/quimicav2\/wp-content\/uploads\/catalogo\/milwaukee.pdf\" target=\"_blank\" data-hover-background-color=\"ffffff\" data-hover-border-color=\"ffffff\" data-hover-color=\"444444\" class=\"qbutton  center default\" style=\"color: ffffff; border-color: ffffff; font-weight: 700; \">Descargar PDF<\/a><\/div><\/td><\/tr><\/table><\/div><\/div>[\/vc_column_inner][vc_column_inner width=\u00bb1\/4&#8243;]<div class=\"q_image_with_text_over q_iwto_hover\"><div class=\"shader\" style=\"background-color: rgba(0,0,0,0.5)\"><\/div><div class=\"shader_hover\" style=\"background-color: rgba(0,0,0,0.65)\"><\/div><img decoding=\"async\" itemprop=\"image\" src=\"https:\/\/winklerltda.cl\/quimicav2\/wp-content\/uploads\/2017\/04\/catalogo-vinos.jpg\" alt=\"\" \/><div class=\"text\"><table><tr><td><h3 class=\"caption no_icon\" style=\"color: #ffffff;\">Cat\u00e1logo Milwaukee industria del vino<\/h3><\/td><\/tr><\/table><table><tr><td><div class=\"desc\"><a  itemprop=\"url\" href=\"https:\/\/winklerltda.cl\/quimicav2\/wp-content\/uploads\/catalogo\/catalogovinos.pdf\" target=\"_blank\" data-hover-background-color=\"ffffff\" data-hover-border-color=\"ffffff\" data-hover-color=\"444444\" class=\"qbutton  center default\" style=\"color: ffffff; border-color: ffffff; font-weight: 700; \">Descargar PDF<\/a><\/div><\/td><\/tr><\/table><\/div><\/div>[\/vc_column_inner][vc_column_inner width=\u00bb1\/4&#8243;]<div class=\"q_image_with_text_over q_iwto_hover\"><div class=\"shader\" style=\"background-color: rgba(0,0,0,0.5)\"><\/div><div class=\"shader_hover\" style=\"background-color: rgba(0,0,0,0.65)\"><\/div><img decoding=\"async\" itemprop=\"image\" src=\"https:\/\/winklerltda.cl\/quimicav2\/wp-content\/uploads\/2017\/04\/sciManipulaciondeLiquidos.jpg\" alt=\"\" \/><div class=\"text\"><table><tr><td><h3 class=\"caption no_icon\" style=\"color: #ffffff;\">Cat\u00e1logo Scilogex Manipulaci\u00f3n de l\u00edquidos<\/h3><\/td><\/tr><\/table><table><tr><td><div class=\"desc\"><a  itemprop=\"url\" href=\"https:\/\/winklerltda.cl\/quimicav2\/wp-content\/uploads\/catalogo\/sciManipulaciondeLiquidos.pdf\" target=\"_blank\" data-hover-background-color=\"ffffff\" data-hover-border-color=\"ffffff\" data-hover-color=\"444444\" class=\"qbutton  center default\" style=\"color: ffffff; border-color: ffffff; font-weight: 700; \">Descargar PDF<\/a><\/div><\/td><\/tr><\/table><\/div><\/div>[\/vc_column_inner][vc_column_inner width=\u00bb1\/4&#8243;]<div class=\"q_image_with_text_over q_iwto_hover\"><div class=\"shader\" style=\"background-color: rgba(0,0,0,0.5)\"><\/div><div class=\"shader_hover\" style=\"background-color: rgba(0,0,0,0.6)\"><\/div><img decoding=\"async\" itemprop=\"image\" src=\"https:\/\/winklerltda.cl\/quimicav2\/wp-content\/uploads\/2023\/06\/Captura-de-Pantalla-2023-06-20-a-las-12.10.00.png\" alt=\"\" \/><div class=\"text\"><table><tr><td><h3 class=\"caption no_icon\" style=\"\"><\/h3><\/td><\/tr><\/table><table><tr><td><div class=\"desc\"><a  itemprop=\"url\" href=\"\" target=\"_blank\" data-hover-background-color=\"ffffff\" data-hover-border-color=\"ffffff\" data-hover-color=\"444444\" class=\"qbutton  center default\" style=\"color: ffffff; border-color: ffffff; font-weight: 700; \">Descargar PDF<\/a><\/div><\/td><\/tr><\/table><\/div><\/div>[\/vc_column_inner][\/vc_row_inner][vc_row_inner row_type=\u00bbrow\u00bb type=\u00bbgrid\u00bb text_align=\u00bbleft\u00bb css_animation=\u00bb\u00bb el_class=\u00bbpdf\u00bb css=\u00bb.vc_custom_1492662370449{padding-bottom: 20px !important;}\u00bb][vc_column_inner width=\u00bb1\/4&#8243;]<div class=\"q_image_with_text_over q_iwto_hover\"><div class=\"shader\" style=\"background-color: rgba(0,0,0,0.5)\"><\/div><div class=\"shader_hover\" style=\"background-color: rgba(0,0,0,0.65)\"><\/div><img decoding=\"async\" itemprop=\"image\" src=\"https:\/\/winklerltda.cl\/quimicav2\/wp-content\/uploads\/2017\/04\/equipo-laboratorios.jpg\" alt=\"\" \/><div class=\"text\"><table><tr><td><h3 class=\"caption no_icon\" style=\"color: #ffffff;\">Cat\u00e1logo Scilogex Equipos de laboratorios<\/h3><\/td><\/tr><\/table><table><tr><td><div class=\"desc\"><a  itemprop=\"url\" href=\"https:\/\/winklerltda.cl\/quimicav2\/wp-content\/uploads\/catalogo\/sciEquiposdeLaboratorio.pdf\" target=\"_blank\" data-hover-background-color=\"ffffff\" data-hover-border-color=\"ffffff\" data-hover-color=\"444444\" class=\"qbutton  center default\" style=\"color: ffffff; border-color: ffffff; font-weight: 700; \">Descargar PDF<\/a><\/div><\/td><\/tr><\/table><\/div><\/div>[\/vc_column_inner][vc_column_inner width=\u00bb1\/4&#8243;]<div class=\"q_image_with_text_over q_iwto_hover\"><div class=\"shader\" style=\"background-color: rgba(0,0,0,0.5)\"><\/div><div class=\"shader_hover\" style=\"background-color: rgba(0,0,0,0.65)\"><\/div><img decoding=\"async\" itemprop=\"image\" src=\"https:\/\/winklerltda.cl\/quimicav2\/wp-content\/uploads\/2017\/04\/centrifugas.jpg\" alt=\"\" \/><div class=\"text\"><table><tr><td><h3 class=\"caption no_icon\" style=\"color: #ffffff;\">Cat\u00e1logo Scilogex Centr\u00edfugas<\/h3><\/td><\/tr><\/table><table><tr><td><div class=\"desc\"><a  itemprop=\"url\" href=\"https:\/\/winklerltda.cl\/quimicav2\/wp-content\/uploads\/catalogo\/sciCentrigugas.pdf\" target=\"_blank\" data-hover-background-color=\"ffffff\" data-hover-border-color=\"ffffff\" data-hover-color=\"444444\" class=\"qbutton  center default\" style=\"color: ffffff; border-color: ffffff; font-weight: 700; \">Descargar PDF<\/a><\/div><\/td><\/tr><\/table><\/div><\/div>[\/vc_column_inner][vc_column_inner width=\u00bb1\/4&#8243;]<div class=\"q_image_with_text_over q_iwto_hover\"><div class=\"shader\" style=\"background-color: rgba(0,0,0,0.5)\"><\/div><div class=\"shader_hover\" style=\"background-color: rgba(0,0,0,0.65)\"><\/div><img decoding=\"async\" itemprop=\"image\" src=\"https:\/\/winklerltda.cl\/quimicav2\/wp-content\/uploads\/2017\/04\/biologix.jpg\" alt=\"\" \/><div class=\"text\"><table><tr><td><h3 class=\"caption no_icon\" style=\"color: #ffffff;\">Cat\u00e1logo Biologix<\/h3><\/td><\/tr><\/table><table><tr><td><div class=\"desc\"><a  itemprop=\"url\" href=\"https:\/\/winklerltda.cl\/quimicav2\/wp-content\/uploads\/catalogo\/biologix.pdf\" target=\"_blank\" data-hover-background-color=\"ffffff\" data-hover-border-color=\"ffffff\" data-hover-color=\"444444\" class=\"qbutton  center default\" style=\"color: ffffff; border-color: ffffff; font-weight: 700; \">Descargar PDF<\/a><\/div><\/td><\/tr><\/table><\/div><\/div>[\/vc_column_inner][vc_column_inner width=\u00bb1\/4&#8243;]<div class=\"q_image_with_text_over q_iwto_hover\"><div class=\"shader\" style=\"background-color: rgba(0,0,0,0.5)\"><\/div><div class=\"shader_hover\" style=\"background-color: rgba(0,0,0,0.65)\"><\/div><img decoding=\"async\" itemprop=\"image\" src=\"https:\/\/winklerltda.cl\/quimicav2\/wp-content\/uploads\/2017\/04\/microclar.jpg\" alt=\"\" \/><div class=\"text\"><table><tr><td><h3 class=\"caption no_icon\" style=\"color: #ffffff;\">Cat\u00e1logo Microclar<\/h3><\/td><\/tr><\/table><table><tr><td><div class=\"desc\"><a  itemprop=\"url\" href=\"https:\/\/winklerltda.cl\/quimicav2\/wp-content\/uploads\/catalogo\/microclar.pdf\" target=\"_blank\" data-hover-background-color=\"ffffff\" data-hover-border-color=\"ffffff\" data-hover-color=\"444444\" class=\"qbutton  center default\" style=\"color: ffffff; border-color: ffffff; font-weight: 700; \">Descargar PDF<\/a><\/div><\/td><\/tr><\/table><\/div><\/div>[\/vc_column_inner][\/vc_row_inner][vc_row_inner row_type=\u00bbrow\u00bb type=\u00bbgrid\u00bb text_align=\u00bbleft\u00bb css_animation=\u00bb\u00bb el_class=\u00bbpdf\u00bb css=\u00bb.vc_custom_1492662370449{padding-bottom: 20px !important;}\u00bb][vc_column_inner width=\u00bb1\/4&#8243;]<div class=\"q_image_with_text_over q_iwto_hover\"><div class=\"shader\" style=\"background-color: rgba(0,0,0,0.5)\"><\/div><div class=\"shader_hover\" style=\"background-color: rgba(0,0,0,0.65)\"><\/div><img decoding=\"async\" itemprop=\"image\" src=\"https:\/\/winklerltda.cl\/quimicav2\/wp-content\/uploads\/2017\/04\/difco.jpg\" alt=\"\" \/><div class=\"text\"><table><tr><td><h3 class=\"caption no_icon\" style=\"color: #ffffff;\">Cat\u00e1logo de BD DIFCO-BBL<\/h3><\/td><\/tr><\/table><table><tr><td><div class=\"desc\"><a  itemprop=\"url\" href=\"https:\/\/winklerltda.cl\/quimicav2\/wp-content\/uploads\/catalogo\/bddifco.pdf\" target=\"_blank\" data-hover-background-color=\"ffffff\" data-hover-border-color=\"ffffff\" data-hover-color=\"444444\" class=\"qbutton  center default\" style=\"color: ffffff; border-color: ffffff; font-weight: 700; \">Descargar PDF<\/a><\/div><\/td><\/tr><\/table><\/div><\/div>[\/vc_column_inner][vc_column_inner width=\u00bb1\/4&#8243;]<div class=\"q_image_with_text_over q_iwto_hover\"><div class=\"shader\" style=\"background-color: rgba(0,0,0,0.5)\"><\/div><div class=\"shader_hover\" style=\"background-color: rgba(0,0,0,0.65)\"><\/div><img decoding=\"async\" itemprop=\"image\" src=\"https:\/\/winklerltda.cl\/quimicav2\/wp-content\/uploads\/2017\/04\/anatomicos.jpg\" alt=\"\" \/><div class=\"text\"><table><tr><td><h3 class=\"caption no_icon\" style=\"color: #ffffff;\">Cat\u00e1logo Winkler Modelos Anat\u00f3micos<\/h3><\/td><\/tr><\/table><table><tr><td><div class=\"desc\"><a  itemprop=\"url\" href=\"https:\/\/winklerltda.cl\/quimicav2\/wp-content\/uploads\/catalogo\/modelosAnatomicos.pdf\" target=\"_blank\" data-hover-background-color=\"ffffff\" data-hover-border-color=\"ffffff\" data-hover-color=\"444444\" class=\"qbutton  center default\" style=\"color: ffffff; border-color: ffffff; font-weight: 700; \">Descargar PDF<\/a><\/div><\/td><\/tr><\/table><\/div><\/div>[\/vc_column_inner][vc_column_inner width=\u00bb1\/4&#8243;]<div class=\"q_image_with_text_over q_iwto_hover\"><div class=\"shader\" style=\"background-color: rgba(0,0,0,0.5)\"><\/div><div class=\"shader_hover\" style=\"background-color: rgba(0,0,0,0.65)\"><\/div><img decoding=\"async\" itemprop=\"image\" src=\"https:\/\/winklerltda.cl\/quimicav2\/wp-content\/uploads\/2017\/04\/fisica-educaciional.jpg\" alt=\"\" \/><div class=\"text\"><table><tr><td><h3 class=\"caption no_icon\" style=\"color: #ffffff;\">Cat\u00e1logo Winkler F\u00edsica educacional<\/h3><\/td><\/tr><\/table><table><tr><td><div class=\"desc\"><a  itemprop=\"url\" href=\"https:\/\/winklerltda.cl\/quimicav2\/wp-content\/uploads\/catalogo\/fisicaEducacional.pdf\" target=\"_blank\" data-hover-background-color=\"ffffff\" data-hover-border-color=\"ffffff\" data-hover-color=\"444444\" class=\"qbutton  center default\" style=\"color: ffffff; border-color: ffffff; font-weight: 700; \">Descargar PDF<\/a><\/div><\/td><\/tr><\/table><\/div><\/div>[\/vc_column_inner][vc_column_inner width=\u00bb1\/4&#8243;]<div class=\"q_image_with_text_over q_iwto_hover\"><div class=\"shader\" style=\"background-color: rgba(0,0,0,0.5)\"><\/div><div class=\"shader_hover\" style=\"background-color: rgba(0,0,0,0.65)\"><\/div><img decoding=\"async\" itemprop=\"image\" src=\"https:\/\/winklerltda.cl\/quimicav2\/wp-content\/uploads\/2022\/03\/Captura-de-Pantalla-2022-03-31-a-las-16.23.26.png\" alt=\"\" \/><div class=\"text\"><table><tr><td><h3 class=\"caption no_icon\" style=\"color: #ffffff;\">Cat\u00e1logo Winkler Microbiolog\u00eda Alimentos<\/h3><\/td><\/tr><\/table><table><tr><td><div class=\"desc\"><a  itemprop=\"url\" href=\"https:\/\/winklerltda.cl\/quimicav2\/wp-content\/uploads\/2022\/03\/Catalogo-2020-Winkler-1-optimizadoOK.pdf\" target=\"_blank\" data-hover-background-color=\"ffffff\" data-hover-border-color=\"ffffff\" data-hover-color=\"444444\" class=\"qbutton  center default\" style=\"color: ffffff; border-color: ffffff; font-weight: 700; \">Descargar PDF<\/a><\/div><\/td><\/tr><\/table><\/div><\/div>[\/vc_column_inner][\/vc_row_inner][vc_row_inner row_type=\u00bbrow\u00bb type=\u00bbfull_width\u00bb text_align=\u00bbleft\u00bb css_animation=\u00bb\u00bb][vc_column_inner width=\u00bb1\/4&#8243;][\/vc_column_inner][vc_column_inner width=\u00bb1\/4&#8243;][\/vc_column_inner][vc_column_inner width=\u00bb1\/4&#8243;][\/vc_column_inner][vc_column_inner width=\u00bb1\/4&#8243;][\/vc_column_inner][\/vc_row_inner][\/vc_column][\/vc_row]<\/p>\n<\/div>","protected":false},"excerpt":{"rendered":"<p>[vc_row css_animation=\u00bb\u00bb row_type=\u00bbrow\u00bb use_row_as_full_screen_section=\u00bbno\u00bb type=\u00bbfull_width\u00bb angled_section=\u00bbno\u00bb text_align=\u00bbleft\u00bb background_image_as_pattern=\u00bbwithout_pattern\u00bb css=\u00bb.vc_custom_1492647274722{margin-top: 0px !important;margin-bottom: 0px !important;padding-top: 40px !important;padding-bottom: 40px !important;}\u00bb][vc_column][vc_row_inner row_type=\u00bbrow\u00bb type=\u00bbgrid\u00bb text_align=\u00bbleft\u00bb css_animation=\u00bb\u00bb el_class=\u00bbpdf\u00bb css=\u00bb.vc_custom_1492662370449{padding-bottom: 20px !important;}\u00bb][vc_column_inner width=\u00bb1\/4&#8243;][\/vc_column_inner][vc_column_inner width=\u00bb1\/4&#8243;][\/vc_column_inner][vc_column_inner width=\u00bb1\/4&#8243;][\/vc_column_inner][vc_column_inner width=\u00bb1\/4&#8243;][\/vc_column_inner][\/vc_row_inner][vc_row_inner row_type=\u00bbrow\u00bb type=\u00bbgrid\u00bb text_align=\u00bbleft\u00bb css_animation=\u00bb\u00bb el_class=\u00bbpdf\u00bb css=\u00bb.vc_custom_1492662370449{padding-bottom: 20px !important;}\u00bb][vc_column_inner width=\u00bb1\/4&#8243;][\/vc_column_inner][vc_column_inner width=\u00bb1\/4&#8243;][\/vc_column_inner][vc_column_inner width=\u00bb1\/4&#8243;][\/vc_column_inner][vc_column_inner width=\u00bb1\/4&#8243;][\/vc_column_inner][\/vc_row_inner][vc_row_inner row_type=\u00bbrow\u00bb type=\u00bbgrid\u00bb text_align=\u00bbleft\u00bb css_animation=\u00bb\u00bb&#8230;<\/p>\n","protected":false},"author":1,"featured_media":0,"parent":0,"menu_order":0,"comment_status":"closed","ping_status":"closed","template":"full_width.php","meta":{"footnotes":""},"class_list":["post-66","page","type-page","status-publish","hentry"],"_links":{"self":[{"href":"https:\/\/winklerltda.cl\/quimicav2\/wp-json\/wp\/v2\/pages\/66","targetHints":{"allow":["GET"]}}],"collection":[{"href":"https:\/\/winklerltda.cl\/quimicav2\/wp-json\/wp\/v2\/pages"}],"about":[{"href":"https:\/\/winklerltda.cl\/quimicav2\/wp-json\/wp\/v2\/types\/page"}],"author":[{"embeddable":true,"href":"https:\/\/winklerltda.cl\/quimicav2\/wp-json\/wp\/v2\/users\/1"}],"replies":[{"embeddable":true,"href":"https:\/\/winklerltda.cl\/quimicav2\/wp-json\/wp\/v2\/comments?post=66"}],"version-history":[{"count":39,"href":"https:\/\/winklerltda.cl\/quimicav2\/wp-json\/wp\/v2\/pages\/66\/revisions"}],"predecessor-version":[{"id":5803,"href":"https:\/\/winklerltda.cl\/quimicav2\/wp-json\/wp\/v2\/pages\/66\/revisions\/5803"}],"wp:attachment":[{"href":"https:\/\/winklerltda.cl\/quimicav2\/wp-json\/wp\/v2\/media?parent=66"}],"curies":[{"name":"wp","href":"https:\/\/api.w.org\/{rel}","templated":true}]}}