{"id":208,"date":"2017-04-21T13:01:04","date_gmt":"2017-04-21T13:01:04","guid":{"rendered":"http:\/\/winklerltda.cl\/quimicav2\/?page_id=208"},"modified":"2025-08-13T20:56:30","modified_gmt":"2025-08-13T23:56:30","slug":"material-de-vidrio","status":"publish","type":"page","link":"https:\/\/winklerltda.cl\/quimicav2\/material-de-vidrio\/","title":{"rendered":"Material de Vidrio"},"content":{"rendered":"<div class=\"wpb-content-wrapper\"><p>[vc_row css_animation=\u00bb\u00bb row_type=\u00bbrow\u00bb use_row_as_full_screen_section=\u00bbno\u00bb type=\u00bbfull_width\u00bb angled_section=\u00bbno\u00bb text_align=\u00bbleft\u00bb background_image_as_pattern=\u00bbwithout_pattern\u00bb css=\u00bb.vc_custom_1492752613981{margin-top: 0px !important;margin-bottom: 0px !important;padding-top: 40px !important;padding-bottom: 40px !important;background-color: #ffffff !important;}\u00bb][vc_column][vc_row_inner row_type=\u00bbrow\u00bb type=\u00bbgrid\u00bb text_align=\u00bbleft\u00bb css_animation=\u00bb\u00bb el_class=\u00bbeducacion\u00bb][vc_column_inner][qode_elements_holder number_of_columns=\u00bbtwo_columns\u00bb][qode_elements_holder_item vertical_alignment=\u00bbtop\u00bb advanced_animations=\u00bbno\u00bb background_image=\u00bb209&#8243;][\/qode_elements_holder_item][qode_elements_holder_item vertical_alignment=\u00bbmiddle\u00bb advanced_animations=\u00bbno\u00bb background_color=\u00bb#f7f7f7&#8243; item_padding=\u00bb30px\u00bb][vc_raw_html css=\u00bb\u00bb]JTNDJTIxLS0lM0Nmb3JtJTNFJTBBJTA5JTA5JTNDaW5wdXQlMjBwbGFjZWhvbGRlciUzRCUyMkJ1c2NhciUyMHByb2R1Y3RvJTIwcG9yJTIwbm9tYnJlJTIyJTIwaWQlM0QlMjJzZWFyY2hUZXJtJTIyJTIwdHlwZSUzRCUyMnRleHQlMjIlMjBvbmtleXVwJTNEJTIyZG9TZWFyY2glMjglMjklMjIlMjAlMkYlM0UlMEElMDklM0MlMkZmb3JtJTNFJTIwLS0lM0UlMEElMDklMEElMDklM0Nmb3JtJTNFJTBBJTIwJTIwJTIwJTIwJTNDaW5wdXQlMjBwbGFjZWhvbGRlciUzRCUyMkJ1c2NhciUyMHByb2R1Y3RvJTIwcG9yJTIwbm9tYnJlJTIyJTIwaWQlM0QlMjJzZWFyY2hUZXJtJTIyJTIwdHlwZSUzRCUyMnRleHQlMjIlMjAlMkYlM0UlMEElM0MlMkZmb3JtJTNF[\/vc_raw_html][vc_column_text]<\/p>\n<div class=\"content mCustomScrollbar\" data-mcs-theme=\"minimal\">\n<table id=\"datos\" class=\"tabla-scroll\">\n<tbody>\n<tr class=\"cabeza\">\n<td width=\"230\"><\/td>\n<td width=\"230\"><b>Productos<\/b><\/td>\n<\/tr>\n<tr>\n<td width=\"95\"><\/td>\n<td width=\"253\">ADAPTADORES VIDRIO<\/td>\n<\/tr>\n<tr>\n<td><\/td>\n<td>ALARGADERAS CUELLO DE CISNE<\/td>\n<\/tr>\n<tr>\n<td><\/td>\n<td>BURETAS AUTOMATICAS<\/td>\n<\/tr>\n<tr>\n<td><\/td>\n<td>BURETAS RECTAS<\/td>\n<\/tr>\n<tr>\n<td><\/td>\n<td>DESECADORES CON PLACA PORCELANA Y LLAVE VACIO<\/td>\n<\/tr>\n<tr>\n<td><\/td>\n<td>DOSIFICADORES<\/td>\n<\/tr>\n<tr>\n<td><\/td>\n<td>EMBUDOS ANALITICOS<\/td>\n<\/tr>\n<tr>\n<td><\/td>\n<td>EMBUDOS BUCHNER<\/td>\n<\/tr>\n<tr>\n<td><\/td>\n<td>EMBUDOS DE DECANTACION<\/td>\n<\/tr>\n<tr>\n<td><\/td>\n<td>EMBUDOS DE VIDRIO CON FRITA<\/td>\n<\/tr>\n<tr>\n<td><\/td>\n<td>EXTRACTORES SOXHLET<\/td>\n<\/tr>\n<tr>\n<td><\/td>\n<td>FRASCOS CON TAPAROSCA AZUL<\/td>\n<\/tr>\n<tr>\n<td><\/td>\n<td>MATRAZ AFORADO TAPA PLASTICA<\/td>\n<\/tr>\n<tr>\n<td><\/td>\n<td>MATRAZ ERLENMEYER BOCA ANGOSTA<\/td>\n<\/tr>\n<tr>\n<td><\/td>\n<td>MATRAZ ERLENMEYER BOCA ANCHA<\/td>\n<\/tr>\n<tr>\n<td><\/td>\n<td>MATRAZ FONDO PLANO SIN ESMERILADO<\/td>\n<\/tr>\n<tr>\n<td><\/td>\n<td>MATRAZ FONDO PLANO CON ESMERILADO<\/td>\n<\/tr>\n<tr>\n<td><\/td>\n<td>MATRAZ FONDO REDONDO SIN ESMERILADO<\/td>\n<\/tr>\n<tr>\n<td><\/td>\n<td>MATRAZ FONDO REDONDO CON ESMERILADO<\/td>\n<\/tr>\n<tr>\n<td><\/td>\n<td>MATRAZ KITASATO<\/td>\n<\/tr>\n<tr>\n<td><\/td>\n<td>MATRAZ KJELDAHL<\/td>\n<\/tr>\n<tr>\n<td><\/td>\n<td>MICROBURETAS<\/td>\n<\/tr>\n<tr>\n<td><\/td>\n<td>PESA FILTRO<\/td>\n<\/tr>\n<tr>\n<td><\/td>\n<td>PIPETAS GRADUADAS<\/td>\n<\/tr>\n<tr>\n<td><\/td>\n<td>PIPETAS VOLUMETRICAS<\/td>\n<\/tr>\n<tr>\n<td><\/td>\n<td>PLACAS DE PETRI<\/td>\n<\/tr>\n<tr>\n<td><\/td>\n<td>PROBETAS<\/td>\n<\/tr>\n<tr>\n<td><\/td>\n<td>REFRIGERANTES<\/td>\n<\/tr>\n<tr>\n<td><\/td>\n<td>VASO DE PRECIPITADO FORMA ALTA<\/td>\n<\/tr>\n<tr>\n<td><\/td>\n<td>VASO DE PRECIPITADO FORMA BAJA<\/td>\n<\/tr>\n<tr>\n<td><\/td>\n<td>VIDRIO RELOJ<\/td>\n<\/tr>\n<\/tbody>\n<\/table>\n<\/div>\n<p>[\/vc_column_text][vc_raw_js]JTNDJTIxLS0lM0NzY3JpcHQlM0V3aW5kb3cualF1ZXJ5JTIwJTdDJTdDJTIwZG9jdW1lbnQud3JpdGUlMjglMjclM0NzY3JpcHQlMjBzcmMlM0QlMjJodHRwJTNBJTJGJTJGd2lua2xlcmx0ZGEuY2wlMkZxdWltaWNhdjIlMkZ3cC1jb250ZW50JTJGdXBsb2FkcyUyRjIwMTclMkYwNCUyRmpxdWVyeS0xLjExLjAubWluXy5qcyUyMiUzRSUzQyU1QyUyRnNjcmlwdCUzRSUyNyUyOSUzQyUyRnNjcmlwdCUzRSUwQSUwOSUwQSUwOSUzQ3NjcmlwdCUyMHNyYyUzRCUyMmh0dHAlM0ElMkYlMkZ3aW5rbGVybHRkYS5jbCUyRnF1aW1pY2F2MiUyRndwLWNvbnRlbnQlMkZ1cGxvYWRzJTJGMjAxNyUyRjA0JTJGanF1ZXJ5Lm1DdXN0b21TY3JvbGxiYXIuY29uY2F0Lm1pbl8uanMlMjIlM0UlM0MlMkZzY3JpcHQlM0UlMEElMDklMEElMDklM0NzY3JpcHQlM0UlMEElMDklMDklMjhmdW5jdGlvbiUyOCUyNCUyOSU3QiUwQSUwOSUwOSUwOSUyNCUyOHdpbmRvdyUyOS5vbiUyOCUyMmxvYWQlMjIlMkNmdW5jdGlvbiUyOCUyOSU3QiUwQSUwOSUwOSUwOSUwOSUwQSUwOSUwOSUwOSUwOSUyNCUyOCUyMmJvZHklMjIlMjkubUN1c3RvbVNjcm9sbGJhciUyOCU3QiUwQSUwOSUwOSUwOSUwOSUwOXRoZW1lJTNBJTIybWluaW1hbCUyMiUwQSUwOSUwOSUwOSUwOSU3RCUyOSUzQiUwQSUwOSUwOSUwOSUwOSUwQSUwOSUwOSUwOSU3RCUyOSUzQiUwQSUwOSUwOSU3RCUyOSUyOGpRdWVyeSUyOSUzQiUwQSUwOSUzQyUyRnNjcmlwdCUzRS0tJTNFJTBBJTA5JTBBJTNDc2NyaXB0JTNFJTBBalF1ZXJ5JTI4ZG9jdW1lbnQlMjkucmVhZHklMjhmdW5jdGlvbiUyOCUyNCUyOSU3QiUwQSUyMCUyMCUyMCUyMCUyNCUyOCUyMiUyM3NlYXJjaFRlcm0lMjIlMjkub24lMjglMjJrZXl1cCUyMiUyQyUyMGZ1bmN0aW9uJTI4JTI5JTdCJTBBJTIwJTIwJTIwJTIwJTIwJTIwJTIwJTIwdmFyJTIwdmFsdWUlMjAlM0QlMjAlMjQlMjh0aGlzJTI5LnZhbCUyOCUyOS50b0xvd2VyQ2FzZSUyOCUyOSUzQiUwQSUyMCUyMCUyMCUyMCUyMCUyMCUyMCUyMCUyNCUyOCUyMiUyM2RhdG9zJTIwdGJvZHklMjB0ciUyMiUyOS5maWx0ZXIlMjhmdW5jdGlvbiUyOCUyOSU3QiUwQSUyMCUyMCUyMCUyMCUyMCUyMCUyMCUyMCUyMCUyMCUyMCUyMCUyNCUyOHRoaXMlMjkudG9nZ2xlJTI4JTI0JTI4dGhpcyUyOS50ZXh0JTI4JTI5LnRvTG93ZXJDYXNlJTI4JTI5LmluZGV4T2YlMjh2YWx1ZSUyOSUyMCUzRSUyMC0xJTI5JTNCJTBBJTIwJTIwJTIwJTIwJTIwJTIwJTIwJTIwJTdEJTI5JTNCJTBBJTIwJTIwJTIwJTIwJTdEJTI5JTNCJTBBJTdEJTI5JTNCJTBBJTNDJTJGc2NyaXB0JTNF[\/vc_raw_js][\/qode_elements_holder_item][\/qode_elements_holder][\/vc_column_inner][\/vc_row_inner][\/vc_column][\/vc_row][vc_row css_animation=\u00bb\u00bb row_type=\u00bbrow\u00bb use_row_as_full_screen_section=\u00bbno\u00bb type=\u00bbfull_width\u00bb angled_section=\u00bbno\u00bb text_align=\u00bbleft\u00bb background_image_as_pattern=\u00bbwithout_pattern\u00bb css=\u00bb.vc_custom_1492744815583{margin-top: 0px !important;margin-bottom: 0px !important;padding-top: 40px !important;padding-bottom: 40px !important;background-color: #ffffff !important;}\u00bb][vc_column][vc_row_inner row_type=\u00bbrow\u00bb type=\u00bbgrid\u00bb text_align=\u00bbleft\u00bb css_animation=\u00bb\u00bb][vc_column_inner][vc_column_text]Para m\u00e1s informaci\u00f3n y cotizaci\u00f3n de estos productos, por favor contactar a su ejecutivo de ventas o al Depto. de Ventas :<br \/>\nFonos :(56-2) 24826513 | 24826560 | 24826561 | <a href=\"mailto:ventas@winklerltda.com\">ventas@winklerltda.com<\/a>[\/vc_column_text][\/vc_column_inner][\/vc_row_inner][\/vc_column][\/vc_row]<\/p>\n<\/div>","protected":false},"excerpt":{"rendered":"<p>[vc_row css_animation=\u00bb\u00bb row_type=\u00bbrow\u00bb use_row_as_full_screen_section=\u00bbno\u00bb type=\u00bbfull_width\u00bb angled_section=\u00bbno\u00bb text_align=\u00bbleft\u00bb background_image_as_pattern=\u00bbwithout_pattern\u00bb css=\u00bb.vc_custom_1492752613981{margin-top: 0px !important;margin-bottom: 0px !important;padding-top: 40px !important;padding-bottom: 40px !important;background-color: #ffffff !important;}\u00bb][vc_column][vc_row_inner row_type=\u00bbrow\u00bb type=\u00bbgrid\u00bb text_align=\u00bbleft\u00bb css_animation=\u00bb\u00bb el_class=\u00bbeducacion\u00bb][vc_column_inner][qode_elements_holder number_of_columns=\u00bbtwo_columns\u00bb][qode_elements_holder_item vertical_alignment=\u00bbtop\u00bb advanced_animations=\u00bbno\u00bb background_image=\u00bb209&#8243;][\/qode_elements_holder_item][qode_elements_holder_item vertical_alignment=\u00bbmiddle\u00bb advanced_animations=\u00bbno\u00bb background_color=\u00bb#f7f7f7&#8243; item_padding=\u00bb30px\u00bb][vc_raw_html css=\u00bb\u00bb]JTNDJTIxLS0lM0Nmb3JtJTNFJTBBJTA5JTA5JTNDaW5wdXQlMjBwbGFjZWhvbGRlciUzRCUyMkJ1c2NhciUyMHByb2R1Y3RvJTIwcG9yJTIwbm9tYnJlJTIyJTIwaWQlM0QlMjJzZWFyY2hUZXJtJTIyJTIwdHlwZSUzRCUyMnRleHQlMjIlMjBvbmtleXVwJTNEJTIyZG9TZWFyY2glMjglMjklMjIlMjAlMkYlM0UlMEElMDklM0MlMkZmb3JtJTNFJTIwLS0lM0UlMEElMDklMEElMDklM0Nmb3JtJTNFJTBBJTIwJTIwJTIwJTIwJTNDaW5wdXQlMjBwbGFjZWhvbGRlciUzRCUyMkJ1c2NhciUyMHByb2R1Y3RvJTIwcG9yJTIwbm9tYnJlJTIyJTIwaWQlM0QlMjJzZWFyY2hUZXJtJTIyJTIwdHlwZSUzRCUyMnRleHQlMjIlMjAlMkYlM0UlMEElM0MlMkZmb3JtJTNF[\/vc_raw_html][vc_column_text] Productos ADAPTADORES VIDRIO ALARGADERAS CUELLO DE CISNE BURETAS AUTOMATICAS BURETAS RECTAS DESECADORES&#8230;<\/p>\n","protected":false},"author":1,"featured_media":0,"parent":0,"menu_order":0,"comment_status":"closed","ping_status":"closed","template":"full_width.php","meta":{"footnotes":""},"class_list":["post-208","page","type-page","status-publish","hentry"],"_links":{"self":[{"href":"https:\/\/winklerltda.cl\/quimicav2\/wp-json\/wp\/v2\/pages\/208","targetHints":{"allow":["GET"]}}],"collection":[{"href":"https:\/\/winklerltda.cl\/quimicav2\/wp-json\/wp\/v2\/pages"}],"about":[{"href":"https:\/\/winklerltda.cl\/quimicav2\/wp-json\/wp\/v2\/types\/page"}],"author":[{"embeddable":true,"href":"https:\/\/winklerltda.cl\/quimicav2\/wp-json\/wp\/v2\/users\/1"}],"replies":[{"embeddable":true,"href":"https:\/\/winklerltda.cl\/quimicav2\/wp-json\/wp\/v2\/comments?post=208"}],"version-history":[{"count":6,"href":"https:\/\/winklerltda.cl\/quimicav2\/wp-json\/wp\/v2\/pages\/208\/revisions"}],"predecessor-version":[{"id":7413,"href":"https:\/\/winklerltda.cl\/quimicav2\/wp-json\/wp\/v2\/pages\/208\/revisions\/7413"}],"wp:attachment":[{"href":"https:\/\/winklerltda.cl\/quimicav2\/wp-json\/wp\/v2\/media?parent=208"}],"curies":[{"name":"wp","href":"https:\/\/api.w.org\/{rel}","templated":true}]}}