{"id":202,"date":"2017-04-21T12:54:41","date_gmt":"2017-04-21T12:54:41","guid":{"rendered":"http:\/\/winklerltda.cl\/quimicav2\/?page_id=202"},"modified":"2025-08-14T11:26:54","modified_gmt":"2025-08-14T14:26:54","slug":"material-plastico","status":"publish","type":"page","link":"https:\/\/winklerltda.cl\/quimicav2\/material-plastico\/","title":{"rendered":"Material Pl\u00e1stico"},"content":{"rendered":"<div class=\"wpb-content-wrapper\"><p>[vc_row css_animation=\u00bb\u00bb row_type=\u00bbrow\u00bb use_row_as_full_screen_section=\u00bbno\u00bb type=\u00bbfull_width\u00bb angled_section=\u00bbno\u00bb text_align=\u00bbleft\u00bb background_image_as_pattern=\u00bbwithout_pattern\u00bb css=\u00bb.vc_custom_1492752613981{margin-top: 0px !important;margin-bottom: 0px !important;padding-top: 40px !important;padding-bottom: 40px !important;background-color: #ffffff !important;}\u00bb][vc_column][vc_row_inner row_type=\u00bbrow\u00bb type=\u00bbgrid\u00bb text_align=\u00bbleft\u00bb css_animation=\u00bb\u00bb el_class=\u00bbeducacion\u00bb][vc_column_inner][qode_elements_holder number_of_columns=\u00bbtwo_columns\u00bb][qode_elements_holder_item vertical_alignment=\u00bbtop\u00bb advanced_animations=\u00bbno\u00bb background_image=\u00bb203&#8243;][\/qode_elements_holder_item][qode_elements_holder_item vertical_alignment=\u00bbmiddle\u00bb advanced_animations=\u00bbno\u00bb background_color=\u00bb#f7f7f7&#8243; item_padding=\u00bb30px\u00bb][vc_raw_html css=\u00bb\u00bb]JTNDZm9ybSUzRSUwQSUyMCUyMCUyMCUyMCUzQ2lucHV0JTIwcGxhY2Vob2xkZXIlM0QlMjJCdXNjYXIlMjBwcm9kdWN0byUyMHBvciUyMG5vbWJyZSUyMiUyMGlkJTNEJTIyc2VhcmNoVGVybSUyMiUyMHR5cGUlM0QlMjJ0ZXh0JTIyJTIwb25rZXl1cCUzRCUyMmRvU2VhcmNoJTI4JTI5JTIyJTIwJTJGJTNFJTBBJTNDJTJGZm9ybSUzRQ==[\/vc_raw_html][vc_column_text]<\/p>\n<div class=\"content mCustomScrollbar\" data-mcs-theme=\"minimal\">\n<table id=\"datos\" class=\"tabla-scroll\">\n<tbody>\n<tr class=\"cabeza\">\n<td width=\"230\"><\/td>\n<td width=\"230\"><b>Productos<\/b><\/td>\n<\/tr>\n<tr>\n<td width=\"92\"><\/td>\n<td width=\"289\">ANTIPARRAS (LENTES)<\/td>\n<\/tr>\n<tr>\n<td><\/td>\n<td>ASAS RECTA DE INOCULACION<\/td>\n<\/tr>\n<tr>\n<td><\/td>\n<td>ASAS DE INOCULACION LOOP 1 uL<\/td>\n<\/tr>\n<tr>\n<td><\/td>\n<td>ASAS DE INOCULACION LOOP 10 uL<\/td>\n<\/tr>\n<tr>\n<td><\/td>\n<td>ASAS DE EXTENSION EN FORMA DE L<\/td>\n<\/tr>\n<tr>\n<td><\/td>\n<td>ATOMIZADOR<\/td>\n<\/tr>\n<tr>\n<td><\/td>\n<td>BALDES PLASTICOS TAPAHERMETICA CON ASA<\/td>\n<\/tr>\n<tr>\n<td><\/td>\n<td>BOLSAS TOMA MUESTRA ESTERILES<\/td>\n<\/tr>\n<tr>\n<td><\/td>\n<td>BOLSAS AUTOCLAVABLES<\/td>\n<\/tr>\n<tr>\n<td><\/td>\n<td>BOLSAS PARA STOMACHER<\/td>\n<\/tr>\n<tr>\n<td><\/td>\n<td>CONTENEDOR IBC CAPACIDAD 1000LT<\/td>\n<\/tr>\n<tr>\n<td><\/td>\n<td>CRIOCAJA POLICARBONATO 81 TUBOS<\/td>\n<\/tr>\n<tr>\n<td><\/td>\n<td>CRIOCAJA POLIPROPILENO 100 TUBOS<\/td>\n<\/tr>\n<tr>\n<td><\/td>\n<td>CUBETA POLIESTIRENO<\/td>\n<\/tr>\n<tr>\n<td><\/td>\n<td>DESECADOR POLIPROPILENO<\/td>\n<\/tr>\n<tr>\n<td><\/td>\n<td>EMBUDO BUCHNER DE POLIPROPILENO<\/td>\n<\/tr>\n<tr>\n<td><\/td>\n<td>EMBUDO PLASTICO<\/td>\n<\/tr>\n<tr>\n<td><\/td>\n<td>ESPATULAS DE POLIPROPILENO<\/td>\n<\/tr>\n<tr>\n<td><\/td>\n<td>ESTANTE SECADO VIDRIOPLASTICO CON RECEPTOR<\/td>\n<\/tr>\n<tr>\n<td><\/td>\n<td>ESTUCHES PARA MUESTRAS MICROSCOPICAS<\/td>\n<\/tr>\n<tr>\n<td><\/td>\n<td>FRASCOS DE POLIETILENO<\/td>\n<\/tr>\n<tr>\n<td><\/td>\n<td>GRADILLA PARA TUBOS EPPENDORF<\/td>\n<\/tr>\n<tr>\n<td><\/td>\n<td>GOMAS GUKO<\/td>\n<\/tr>\n<tr>\n<td><\/td>\n<td>INSUFLADOR DE GOMA<\/td>\n<\/tr>\n<tr>\n<td><\/td>\n<td>JARRAS DE POLIPROPILENO<\/td>\n<\/tr>\n<tr>\n<td><\/td>\n<td><\/td>\n<\/tr>\n<tr>\n<td><\/td>\n<td>PICETAS PLASTICAS<\/td>\n<\/tr>\n<tr>\n<td><\/td>\n<td>PLACAS DE PETRI ESTERILES DESCHABLES<\/td>\n<\/tr>\n<tr>\n<td><\/td>\n<td>PORU\u00d1A PLASTICA<\/td>\n<\/tr>\n<tr>\n<td><\/td>\n<td>PROBETAS DE POLIPROPILENO<\/td>\n<\/tr>\n<tr>\n<td><\/td>\n<td>PROBETAS DE TPX<\/td>\n<\/tr>\n<tr>\n<td><\/td>\n<td>PUNTAS AMARILLAS 200<\/td>\n<\/tr>\n<tr>\n<td><\/td>\n<td>PUNTAS AMARILLAS 200 CON FILTRO<\/td>\n<\/tr>\n<tr>\n<td><\/td>\n<td>PUNTAS AZULES 1000<\/td>\n<\/tr>\n<tr>\n<td><\/td>\n<td>PUNTAS AZULES 1000 CON FILTRO<\/td>\n<\/tr>\n<tr>\n<td><\/td>\n<td>PUNTAS BLANCAS 10<\/td>\n<\/tr>\n<tr>\n<td><\/td>\n<td>PUNTAS BLANCAS 10 CON FILTRO<\/td>\n<\/tr>\n<tr>\n<td><\/td>\n<td>PUNTAS BLNCAS 5000<\/td>\n<\/tr>\n<tr>\n<td><\/td>\n<td>SOPORTE ACRILICO PARA EMBUDOS<\/td>\n<\/tr>\n<tr>\n<td><\/td>\n<td>SOPORTE PLASTICO PARA CONOS IMHOFF<\/td>\n<\/tr>\n<tr>\n<td><\/td>\n<td>TUBOS DE CENTRIFUGA F. CONICO 15 ML<\/td>\n<\/tr>\n<tr>\n<td><\/td>\n<td>TUBOS DE CENTRIFUGA F. CONICO 50 ML<\/td>\n<\/tr>\n<tr>\n<td><\/td>\n<td>TUBOS PLASTICOS TRANSPARENTES<\/td>\n<\/tr>\n<tr>\n<td><\/td>\n<td>TUBOS EPPENDORF 2,0 ML<\/td>\n<\/tr>\n<tr>\n<td><\/td>\n<td>TUBOS EPPENDORF 1,5 ML<\/td>\n<\/tr>\n<tr>\n<td><\/td>\n<td>TUBOS EPPENDORF 0,5 ML<\/td>\n<\/tr>\n<tr>\n<td><\/td>\n<td>TUBOS PCR 0,2 ML<\/td>\n<\/tr>\n<tr>\n<td><\/td>\n<td>TUBO SILICONA<\/td>\n<\/tr>\n<tr>\n<td><\/td>\n<td>VASOS DE PRECIPITADO POLIPROPILENO<\/td>\n<\/tr>\n<\/tbody>\n<\/table>\n<\/div>\n<p>[\/vc_column_text][vc_raw_js]JTNDc2NyaXB0JTNFJTBBalF1ZXJ5JTI4ZG9jdW1lbnQlMjkucmVhZHklMjhmdW5jdGlvbiUyOCUyNCUyOSU3QiUwQSUyMCUyMCUyMCUyMCUyNCUyOCUyMiUyM3NlYXJjaFRlcm0lMjIlMjkub24lMjglMjJrZXl1cCUyMiUyQyUyMGZ1bmN0aW9uJTI4JTI5JTdCJTBBJTIwJTIwJTIwJTIwJTIwJTIwJTIwJTIwdmFyJTIwdmFsdWUlMjAlM0QlMjAlMjQlMjh0aGlzJTI5LnZhbCUyOCUyOS50b0xvd2VyQ2FzZSUyOCUyOSUzQiUwQSUyMCUyMCUyMCUyMCUyMCUyMCUyMCUyMCUyNCUyOCUyMiUyM2RhdG9zJTIwdGJvZHklMjB0ciUyMiUyOS5maWx0ZXIlMjhmdW5jdGlvbiUyOCUyOSU3QiUwQSUyMCUyMCUyMCUyMCUyMCUyMCUyMCUyMCUyMCUyMCUyMCUyMCUyNCUyOHRoaXMlMjkudG9nZ2xlJTI4JTI0JTI4dGhpcyUyOS50ZXh0JTI4JTI5LnRvTG93ZXJDYXNlJTI4JTI5LmluZGV4T2YlMjh2YWx1ZSUyOSUyMCUzRSUyMC0xJTI5JTNCJTBBJTIwJTIwJTIwJTIwJTIwJTIwJTIwJTIwJTdEJTI5JTNCJTBBJTIwJTIwJTIwJTIwJTdEJTI5JTNCJTBBJTdEJTI5JTNCJTBBJTNDJTJGc2NyaXB0JTNF[\/vc_raw_js][\/qode_elements_holder_item][\/qode_elements_holder][\/vc_column_inner][\/vc_row_inner][\/vc_column][\/vc_row][vc_row css_animation=\u00bb\u00bb row_type=\u00bbrow\u00bb use_row_as_full_screen_section=\u00bbno\u00bb type=\u00bbfull_width\u00bb angled_section=\u00bbno\u00bb text_align=\u00bbleft\u00bb background_image_as_pattern=\u00bbwithout_pattern\u00bb css=\u00bb.vc_custom_1492744815583{margin-top: 0px !important;margin-bottom: 0px !important;padding-top: 40px !important;padding-bottom: 40px !important;background-color: #ffffff !important;}\u00bb][vc_column][vc_row_inner row_type=\u00bbrow\u00bb type=\u00bbgrid\u00bb text_align=\u00bbleft\u00bb css_animation=\u00bb\u00bb][vc_column_inner][vc_column_text]Para m\u00e1s informaci\u00f3n y cotizaci\u00f3n de estos productos, por favor contactar a su ejecutivo de ventas o al Depto. de Ventas :<br \/>\nFonos :(56-2) 24826513 | 24826560 | 24826561 | <a href=\"mailto:ventas@winklerltda.com\">ventas@winklerltda.com<\/a>[\/vc_column_text][\/vc_column_inner][\/vc_row_inner][\/vc_column][\/vc_row]<\/p>\n<\/div>","protected":false},"excerpt":{"rendered":"<p>[vc_row css_animation=\u00bb\u00bb row_type=\u00bbrow\u00bb use_row_as_full_screen_section=\u00bbno\u00bb type=\u00bbfull_width\u00bb angled_section=\u00bbno\u00bb text_align=\u00bbleft\u00bb background_image_as_pattern=\u00bbwithout_pattern\u00bb css=\u00bb.vc_custom_1492752613981{margin-top: 0px !important;margin-bottom: 0px !important;padding-top: 40px !important;padding-bottom: 40px !important;background-color: #ffffff !important;}\u00bb][vc_column][vc_row_inner row_type=\u00bbrow\u00bb type=\u00bbgrid\u00bb text_align=\u00bbleft\u00bb css_animation=\u00bb\u00bb el_class=\u00bbeducacion\u00bb][vc_column_inner][qode_elements_holder number_of_columns=\u00bbtwo_columns\u00bb][qode_elements_holder_item vertical_alignment=\u00bbtop\u00bb advanced_animations=\u00bbno\u00bb background_image=\u00bb203&#8243;][\/qode_elements_holder_item][qode_elements_holder_item vertical_alignment=\u00bbmiddle\u00bb advanced_animations=\u00bbno\u00bb background_color=\u00bb#f7f7f7&#8243; item_padding=\u00bb30px\u00bb][vc_raw_html css=\u00bb\u00bb]JTNDZm9ybSUzRSUwQSUyMCUyMCUyMCUyMCUzQ2lucHV0JTIwcGxhY2Vob2xkZXIlM0QlMjJCdXNjYXIlMjBwcm9kdWN0byUyMHBvciUyMG5vbWJyZSUyMiUyMGlkJTNEJTIyc2VhcmNoVGVybSUyMiUyMHR5cGUlM0QlMjJ0ZXh0JTIyJTIwb25rZXl1cCUzRCUyMmRvU2VhcmNoJTI4JTI5JTIyJTIwJTJGJTNFJTBBJTNDJTJGZm9ybSUzRQ==[\/vc_raw_html][vc_column_text] Productos ANTIPARRAS (LENTES) ASAS RECTA DE INOCULACION ASAS DE INOCULACION LOOP 1&#8230;<\/p>\n","protected":false},"author":1,"featured_media":0,"parent":0,"menu_order":0,"comment_status":"closed","ping_status":"closed","template":"full_width.php","meta":{"footnotes":""},"class_list":["post-202","page","type-page","status-publish","hentry"],"_links":{"self":[{"href":"https:\/\/winklerltda.cl\/quimicav2\/wp-json\/wp\/v2\/pages\/202","targetHints":{"allow":["GET"]}}],"collection":[{"href":"https:\/\/winklerltda.cl\/quimicav2\/wp-json\/wp\/v2\/pages"}],"about":[{"href":"https:\/\/winklerltda.cl\/quimicav2\/wp-json\/wp\/v2\/types\/page"}],"author":[{"embeddable":true,"href":"https:\/\/winklerltda.cl\/quimicav2\/wp-json\/wp\/v2\/users\/1"}],"replies":[{"embeddable":true,"href":"https:\/\/winklerltda.cl\/quimicav2\/wp-json\/wp\/v2\/comments?post=202"}],"version-history":[{"count":12,"href":"https:\/\/winklerltda.cl\/quimicav2\/wp-json\/wp\/v2\/pages\/202\/revisions"}],"predecessor-version":[{"id":3487,"href":"https:\/\/winklerltda.cl\/quimicav2\/wp-json\/wp\/v2\/pages\/202\/revisions\/3487"}],"wp:attachment":[{"href":"https:\/\/winklerltda.cl\/quimicav2\/wp-json\/wp\/v2\/media?parent=202"}],"curies":[{"name":"wp","href":"https:\/\/api.w.org\/{rel}","templated":true}]}}