{"id":4459,"date":"2024-03-04T13:48:22","date_gmt":"2024-03-04T16:48:22","guid":{"rendered":"https:\/\/winklerltda.cl\/detergentesv2\/?page_id=4459"},"modified":"2026-04-02T11:33:04","modified_gmt":"2026-04-02T14:33:04","slug":"distribuidores","status":"publish","type":"page","link":"https:\/\/winklerltda.cl\/detergentesv2\/distribuidores\/","title":{"rendered":"Nuestros Distribuidores"},"content":{"rendered":"\n<div class=\"wp-block-columns is-layout-flex wp-container-core-columns-is-layout-9d6595d7 wp-block-columns-is-layout-flex\">\n<div class=\"wp-block-column is-layout-flow wp-block-column-is-layout-flow\">\n<figure class=\"wp-block-image size-large\"><a href=\"https:\/\/grupoecolimpio.cl\/\"><img loading=\"lazy\" decoding=\"async\" width=\"1024\" height=\"797\" src=\"https:\/\/winklerltda.cl\/detergentesv2\/wp-content\/uploads\/2024\/03\/Logo-Ecolimpio-web-1024x797.png\" alt=\"\" class=\"wp-image-4490\" srcset=\"https:\/\/winklerltda.cl\/detergentesv2\/wp-content\/uploads\/2024\/03\/Logo-Ecolimpio-web-1024x797.png 1024w, https:\/\/winklerltda.cl\/detergentesv2\/wp-content\/uploads\/2024\/03\/Logo-Ecolimpio-web-600x467.png 600w, https:\/\/winklerltda.cl\/detergentesv2\/wp-content\/uploads\/2024\/03\/Logo-Ecolimpio-web-300x233.png 300w, https:\/\/winklerltda.cl\/detergentesv2\/wp-content\/uploads\/2024\/03\/Logo-Ecolimpio-web-768x597.png 768w, https:\/\/winklerltda.cl\/detergentesv2\/wp-content\/uploads\/2024\/03\/Logo-Ecolimpio-web-1536x1195.png 1536w, https:\/\/winklerltda.cl\/detergentesv2\/wp-content\/uploads\/2024\/03\/Logo-Ecolimpio-web-2048x1593.png 2048w, https:\/\/winklerltda.cl\/detergentesv2\/wp-content\/uploads\/2024\/03\/Logo-Ecolimpio-web-206x160.png 206w, https:\/\/winklerltda.cl\/detergentesv2\/wp-content\/uploads\/2024\/03\/Logo-Ecolimpio-web-700x545.png 700w\" sizes=\"auto, (max-width: 1024px) 100vw, 1024px\" \/><\/a><figcaption class=\"wp-element-caption\"><strong>Av. Vitacura 6724 Local A-06, Vitacura<\/strong><\/figcaption><\/figure>\n<\/div>\n\n\n\n<div class=\"wp-block-column is-layout-flow wp-block-column-is-layout-flow\">\n<figure class=\"wp-block-image size-large\"><a href=\"https:\/\/todoaseo.cl\/wp\/\"><img loading=\"lazy\" decoding=\"async\" width=\"1024\" height=\"796\" src=\"https:\/\/winklerltda.cl\/detergentesv2\/wp-content\/uploads\/2024\/03\/Logo-todo-aseo-web-1024x796.png\" alt=\"\" class=\"wp-image-4491\" srcset=\"https:\/\/winklerltda.cl\/detergentesv2\/wp-content\/uploads\/2024\/03\/Logo-todo-aseo-web-1024x796.png 1024w, https:\/\/winklerltda.cl\/detergentesv2\/wp-content\/uploads\/2024\/03\/Logo-todo-aseo-web-600x467.png 600w, https:\/\/winklerltda.cl\/detergentesv2\/wp-content\/uploads\/2024\/03\/Logo-todo-aseo-web-300x233.png 300w, https:\/\/winklerltda.cl\/detergentesv2\/wp-content\/uploads\/2024\/03\/Logo-todo-aseo-web-768x597.png 768w, https:\/\/winklerltda.cl\/detergentesv2\/wp-content\/uploads\/2024\/03\/Logo-todo-aseo-web-1536x1195.png 1536w, https:\/\/winklerltda.cl\/detergentesv2\/wp-content\/uploads\/2024\/03\/Logo-todo-aseo-web-2048x1593.png 2048w, https:\/\/winklerltda.cl\/detergentesv2\/wp-content\/uploads\/2024\/03\/Logo-todo-aseo-web-206x160.png 206w, https:\/\/winklerltda.cl\/detergentesv2\/wp-content\/uploads\/2024\/03\/Logo-todo-aseo-web-700x544.png 700w\" sizes=\"auto, (max-width: 1024px) 100vw, 1024px\" \/><\/a><figcaption class=\"wp-element-caption\"><strong>Av.  Capit\u00e1n Antonio Mill\u00e1n 531, Rancagua<\/strong><\/figcaption><\/figure>\n<\/div>\n\n\n\n<div class=\"wp-block-column is-layout-flow wp-block-column-is-layout-flow\">\n<figure class=\"wp-block-image size-large\"><a href=\"https:\/\/www.winznorth.cl\/\"><img loading=\"lazy\" decoding=\"async\" width=\"1024\" height=\"797\" src=\"https:\/\/winklerltda.cl\/detergentesv2\/wp-content\/uploads\/2024\/08\/WINZNORTH-web-1024x797.png\" alt=\"\" class=\"wp-image-4630\" srcset=\"https:\/\/winklerltda.cl\/detergentesv2\/wp-content\/uploads\/2024\/08\/WINZNORTH-web-1024x797.png 1024w, https:\/\/winklerltda.cl\/detergentesv2\/wp-content\/uploads\/2024\/08\/WINZNORTH-web-600x467.png 600w, https:\/\/winklerltda.cl\/detergentesv2\/wp-content\/uploads\/2024\/08\/WINZNORTH-web-300x233.png 300w, https:\/\/winklerltda.cl\/detergentesv2\/wp-content\/uploads\/2024\/08\/WINZNORTH-web-768x597.png 768w, https:\/\/winklerltda.cl\/detergentesv2\/wp-content\/uploads\/2024\/08\/WINZNORTH-web-1536x1195.png 1536w, https:\/\/winklerltda.cl\/detergentesv2\/wp-content\/uploads\/2024\/08\/WINZNORTH-web-2048x1593.png 2048w, https:\/\/winklerltda.cl\/detergentesv2\/wp-content\/uploads\/2024\/08\/WINZNORTH-web-206x160.png 206w, https:\/\/winklerltda.cl\/detergentesv2\/wp-content\/uploads\/2024\/08\/WINZNORTH-web-700x545.png 700w\" sizes=\"auto, (max-width: 1024px) 100vw, 1024px\" \/><\/a><figcaption class=\"wp-element-caption\">Piedras grandes 1959, Villa San Rafael, Calama<\/figcaption><\/figure>\n<\/div>\n<\/div>\n\n\n\n<div class=\"wp-block-columns is-layout-flex wp-container-core-columns-is-layout-9d6595d7 wp-block-columns-is-layout-flex\">\n<div class=\"wp-block-column is-layout-flow wp-block-column-is-layout-flow\">\n<figure class=\"wp-block-image size-large\"><a href=\"https:\/\/www.wincleanspa.com\/\"><img loading=\"lazy\" decoding=\"async\" width=\"1024\" height=\"797\" src=\"https:\/\/winklerltda.cl\/detergentesv2\/wp-content\/uploads\/2024\/08\/Logo-WINCLEAN-web-1024x797.png\" alt=\"\" class=\"wp-image-4629\" srcset=\"https:\/\/winklerltda.cl\/detergentesv2\/wp-content\/uploads\/2024\/08\/Logo-WINCLEAN-web-1024x797.png 1024w, https:\/\/winklerltda.cl\/detergentesv2\/wp-content\/uploads\/2024\/08\/Logo-WINCLEAN-web-600x467.png 600w, https:\/\/winklerltda.cl\/detergentesv2\/wp-content\/uploads\/2024\/08\/Logo-WINCLEAN-web-300x233.png 300w, https:\/\/winklerltda.cl\/detergentesv2\/wp-content\/uploads\/2024\/08\/Logo-WINCLEAN-web-768x597.png 768w, https:\/\/winklerltda.cl\/detergentesv2\/wp-content\/uploads\/2024\/08\/Logo-WINCLEAN-web-1536x1195.png 1536w, https:\/\/winklerltda.cl\/detergentesv2\/wp-content\/uploads\/2024\/08\/Logo-WINCLEAN-web-2048x1593.png 2048w, https:\/\/winklerltda.cl\/detergentesv2\/wp-content\/uploads\/2024\/08\/Logo-WINCLEAN-web-206x160.png 206w, https:\/\/winklerltda.cl\/detergentesv2\/wp-content\/uploads\/2024\/08\/Logo-WINCLEAN-web-700x545.png 700w\" sizes=\"auto, (max-width: 1024px) 100vw, 1024px\" \/><\/a><figcaption class=\"wp-element-caption\">Juan Antonio Rios 770, Antofagasta<\/figcaption><\/figure>\n<\/div>\n\n\n\n<div class=\"wp-block-column is-layout-flow wp-block-column-is-layout-flow\">\n<figure class=\"wp-block-image size-large\"><a href=\"https:\/\/www.difal.cl\/index.php?lang=en\"><img loading=\"lazy\" decoding=\"async\" width=\"1024\" height=\"797\" src=\"https:\/\/winklerltda.cl\/detergentesv2\/wp-content\/uploads\/2024\/08\/Logo-Difal-1024x797.png\" alt=\"\" class=\"wp-image-4634\" srcset=\"https:\/\/winklerltda.cl\/detergentesv2\/wp-content\/uploads\/2024\/08\/Logo-Difal-1024x797.png 1024w, https:\/\/winklerltda.cl\/detergentesv2\/wp-content\/uploads\/2024\/08\/Logo-Difal-600x467.png 600w, https:\/\/winklerltda.cl\/detergentesv2\/wp-content\/uploads\/2024\/08\/Logo-Difal-300x233.png 300w, https:\/\/winklerltda.cl\/detergentesv2\/wp-content\/uploads\/2024\/08\/Logo-Difal-768x597.png 768w, https:\/\/winklerltda.cl\/detergentesv2\/wp-content\/uploads\/2024\/08\/Logo-Difal-1536x1195.png 1536w, https:\/\/winklerltda.cl\/detergentesv2\/wp-content\/uploads\/2024\/08\/Logo-Difal-2048x1593.png 2048w, https:\/\/winklerltda.cl\/detergentesv2\/wp-content\/uploads\/2024\/08\/Logo-Difal-206x160.png 206w, https:\/\/winklerltda.cl\/detergentesv2\/wp-content\/uploads\/2024\/08\/Logo-Difal-700x545.png 700w\" sizes=\"auto, (max-width: 1024px) 100vw, 1024px\" \/><\/a><figcaption class=\"wp-element-caption\">Sgto Aldea 1317, Iquique, Tarapac\u00e1<\/figcaption><\/figure>\n<\/div>\n\n\n\n<div class=\"wp-block-column is-layout-flow wp-block-column-is-layout-flow\">\n<figure class=\"wp-block-image size-large\"><a href=\"https:\/\/grupodk.cl\/?gad_source=1&amp;gclid=CjwKCAjwjsi4BhB5EiwAFAL0YCV_xUTDw-FOM2SXLdQZEA9Wxy2YBQtoUnj9cE9clMpq4m-4mqlKrBoCR54QAvD_BwE\"><img loading=\"lazy\" decoding=\"async\" width=\"1024\" height=\"796\" src=\"https:\/\/winklerltda.cl\/detergentesv2\/wp-content\/uploads\/2024\/10\/Distribuidores-03-03-1024x796.png\" alt=\"\" class=\"wp-image-4665\" srcset=\"https:\/\/winklerltda.cl\/detergentesv2\/wp-content\/uploads\/2024\/10\/Distribuidores-03-03-1024x796.png 1024w, https:\/\/winklerltda.cl\/detergentesv2\/wp-content\/uploads\/2024\/10\/Distribuidores-03-03-600x466.png 600w, https:\/\/winklerltda.cl\/detergentesv2\/wp-content\/uploads\/2024\/10\/Distribuidores-03-03-300x233.png 300w, https:\/\/winklerltda.cl\/detergentesv2\/wp-content\/uploads\/2024\/10\/Distribuidores-03-03-768x597.png 768w, https:\/\/winklerltda.cl\/detergentesv2\/wp-content\/uploads\/2024\/10\/Distribuidores-03-03-206x160.png 206w, https:\/\/winklerltda.cl\/detergentesv2\/wp-content\/uploads\/2024\/10\/Distribuidores-03-03-700x544.png 700w, https:\/\/winklerltda.cl\/detergentesv2\/wp-content\/uploads\/2024\/10\/Distribuidores-03-03.png 1064w\" sizes=\"auto, (max-width: 1024px) 100vw, 1024px\" \/><\/a><figcaption class=\"wp-element-caption\">Pedro de Valdivia. 6428, Macul<\/figcaption><\/figure>\n<\/div>\n<\/div>\n\n\n\n<div class=\"wp-block-columns is-layout-flex wp-container-core-columns-is-layout-9d6595d7 wp-block-columns-is-layout-flex\">\n<div class=\"wp-block-column is-layout-flow wp-block-column-is-layout-flow\">\n<figure class=\"wp-block-image size-large\"><a href=\"https:\/\/mozzen.cl\/\"><img loading=\"lazy\" decoding=\"async\" width=\"1024\" height=\"796\" src=\"https:\/\/winklerltda.cl\/detergentesv2\/wp-content\/uploads\/2024\/10\/Mozzen-04-1024x796.png\" alt=\"\" class=\"wp-image-4669\" srcset=\"https:\/\/winklerltda.cl\/detergentesv2\/wp-content\/uploads\/2024\/10\/Mozzen-04-1024x796.png 1024w, https:\/\/winklerltda.cl\/detergentesv2\/wp-content\/uploads\/2024\/10\/Mozzen-04-600x467.png 600w, https:\/\/winklerltda.cl\/detergentesv2\/wp-content\/uploads\/2024\/10\/Mozzen-04-300x233.png 300w, https:\/\/winklerltda.cl\/detergentesv2\/wp-content\/uploads\/2024\/10\/Mozzen-04-768x597.png 768w, https:\/\/winklerltda.cl\/detergentesv2\/wp-content\/uploads\/2024\/10\/Mozzen-04-1536x1194.png 1536w, https:\/\/winklerltda.cl\/detergentesv2\/wp-content\/uploads\/2024\/10\/Mozzen-04-2048x1593.png 2048w, https:\/\/winklerltda.cl\/detergentesv2\/wp-content\/uploads\/2024\/10\/Mozzen-04-206x160.png 206w, https:\/\/winklerltda.cl\/detergentesv2\/wp-content\/uploads\/2024\/10\/Mozzen-04-700x544.png 700w\" sizes=\"auto, (max-width: 1024px) 100vw, 1024px\" \/><\/a><figcaption class=\"wp-element-caption\">Av. Las Parcelas 7950, , Pe\u00f1alol\u00e9n<\/figcaption><\/figure>\n<\/div>\n\n\n\n<div class=\"wp-block-column is-layout-flow wp-block-column-is-layout-flow\">\n<figure class=\"wp-block-image size-large\"><a href=\"https:\/\/enlacesolucionesltda.cl\/index.html\"><img loading=\"lazy\" decoding=\"async\" width=\"1024\" height=\"797\" src=\"https:\/\/winklerltda.cl\/detergentesv2\/wp-content\/uploads\/2024\/12\/Enlace-Soluciones_Mesa-de-trabajo-1-copia_Mesa-de-trabajo-1-copia-1024x797.png\" alt=\"\" class=\"wp-image-4679\" srcset=\"https:\/\/winklerltda.cl\/detergentesv2\/wp-content\/uploads\/2024\/12\/Enlace-Soluciones_Mesa-de-trabajo-1-copia_Mesa-de-trabajo-1-copia-1024x797.png 1024w, https:\/\/winklerltda.cl\/detergentesv2\/wp-content\/uploads\/2024\/12\/Enlace-Soluciones_Mesa-de-trabajo-1-copia_Mesa-de-trabajo-1-copia-600x467.png 600w, https:\/\/winklerltda.cl\/detergentesv2\/wp-content\/uploads\/2024\/12\/Enlace-Soluciones_Mesa-de-trabajo-1-copia_Mesa-de-trabajo-1-copia-300x233.png 300w, https:\/\/winklerltda.cl\/detergentesv2\/wp-content\/uploads\/2024\/12\/Enlace-Soluciones_Mesa-de-trabajo-1-copia_Mesa-de-trabajo-1-copia-768x597.png 768w, https:\/\/winklerltda.cl\/detergentesv2\/wp-content\/uploads\/2024\/12\/Enlace-Soluciones_Mesa-de-trabajo-1-copia_Mesa-de-trabajo-1-copia-1536x1195.png 1536w, https:\/\/winklerltda.cl\/detergentesv2\/wp-content\/uploads\/2024\/12\/Enlace-Soluciones_Mesa-de-trabajo-1-copia_Mesa-de-trabajo-1-copia-2048x1593.png 2048w, https:\/\/winklerltda.cl\/detergentesv2\/wp-content\/uploads\/2024\/12\/Enlace-Soluciones_Mesa-de-trabajo-1-copia_Mesa-de-trabajo-1-copia-206x160.png 206w, https:\/\/winklerltda.cl\/detergentesv2\/wp-content\/uploads\/2024\/12\/Enlace-Soluciones_Mesa-de-trabajo-1-copia_Mesa-de-trabajo-1-copia-700x545.png 700w\" sizes=\"auto, (max-width: 1024px) 100vw, 1024px\" \/><\/a><figcaption class=\"wp-element-caption\">Maria Graham 1470, Lote 12 Manzana 31, Santa Sabina, Concepci\u00f3n<\/figcaption><\/figure>\n<\/div>\n\n\n\n<div class=\"wp-block-column is-layout-flow wp-block-column-is-layout-flow\">\n<figure class=\"wp-block-image size-full\"><a href=\"https:\/\/www.hiperlimpio.cl\/\"><img loading=\"lazy\" decoding=\"async\" width=\"511\" height=\"397\" src=\"https:\/\/winklerltda.cl\/detergentesv2\/wp-content\/uploads\/2025\/07\/Hiperlimpio-05-05.png\" alt=\"\" class=\"wp-image-5451\" srcset=\"https:\/\/winklerltda.cl\/detergentesv2\/wp-content\/uploads\/2025\/07\/Hiperlimpio-05-05.png 511w, https:\/\/winklerltda.cl\/detergentesv2\/wp-content\/uploads\/2025\/07\/Hiperlimpio-05-05-300x233.png 300w\" sizes=\"auto, (max-width: 511px) 100vw, 511px\" \/><\/a><figcaption class=\"wp-element-caption\">Walter Schmidt 303, Valdivia<\/figcaption><\/figure>\n<\/div>\n<\/div>\n\n\n\n<div class=\"wp-block-columns is-layout-flex wp-container-core-columns-is-layout-9d6595d7 wp-block-columns-is-layout-flex\">\n<div class=\"wp-block-column is-layout-flow wp-block-column-is-layout-flow\">\n<figure class=\"wp-block-image size-large\"><a href=\"https:\/\/gammahc.cl\/\"><img loading=\"lazy\" decoding=\"async\" width=\"1024\" height=\"797\" src=\"https:\/\/winklerltda.cl\/detergentesv2\/wp-content\/uploads\/2025\/08\/GHC-1024x797.png\" alt=\"\" class=\"wp-image-5481\" srcset=\"https:\/\/winklerltda.cl\/detergentesv2\/wp-content\/uploads\/2025\/08\/GHC-1024x797.png 1024w, https:\/\/winklerltda.cl\/detergentesv2\/wp-content\/uploads\/2025\/08\/GHC-300x233.png 300w, https:\/\/winklerltda.cl\/detergentesv2\/wp-content\/uploads\/2025\/08\/GHC-768x597.png 768w, https:\/\/winklerltda.cl\/detergentesv2\/wp-content\/uploads\/2025\/08\/GHC-1536x1195.png 1536w, https:\/\/winklerltda.cl\/detergentesv2\/wp-content\/uploads\/2025\/08\/GHC-2048x1593.png 2048w, https:\/\/winklerltda.cl\/detergentesv2\/wp-content\/uploads\/2025\/08\/GHC-700x545.png 700w, https:\/\/winklerltda.cl\/detergentesv2\/wp-content\/uploads\/2025\/08\/GHC-600x467.png 600w\" sizes=\"auto, (max-width: 1024px) 100vw, 1024px\" \/><\/a><figcaption class=\"wp-element-caption\">San Francisco de Paula parcela 3, Talagante, Santiago<\/figcaption><\/figure>\n<\/div>\n\n\n\n<div class=\"wp-block-column is-layout-flow wp-block-column-is-layout-flow\">\n<figure class=\"wp-block-image size-large\"><a href=\"https:\/\/trewa.cl\/\"><img loading=\"lazy\" decoding=\"async\" width=\"1024\" height=\"797\" src=\"https:\/\/winklerltda.cl\/detergentesv2\/wp-content\/uploads\/2025\/09\/Trewa-1-1024x797.png\" alt=\"\" class=\"wp-image-5491\" srcset=\"https:\/\/winklerltda.cl\/detergentesv2\/wp-content\/uploads\/2025\/09\/Trewa-1-1024x797.png 1024w, https:\/\/winklerltda.cl\/detergentesv2\/wp-content\/uploads\/2025\/09\/Trewa-1-300x233.png 300w, https:\/\/winklerltda.cl\/detergentesv2\/wp-content\/uploads\/2025\/09\/Trewa-1-768x597.png 768w, https:\/\/winklerltda.cl\/detergentesv2\/wp-content\/uploads\/2025\/09\/Trewa-1-700x545.png 700w, https:\/\/winklerltda.cl\/detergentesv2\/wp-content\/uploads\/2025\/09\/Trewa-1-600x467.png 600w, https:\/\/winklerltda.cl\/detergentesv2\/wp-content\/uploads\/2025\/09\/Trewa-1.png 1063w\" sizes=\"auto, (max-width: 1024px) 100vw, 1024px\" \/><\/a><figcaption class=\"wp-element-caption\">Av Jorge Alesandri 364, Bodega 1004, La Reina<\/figcaption><\/figure>\n<\/div>\n\n\n\n<div class=\"wp-block-column is-layout-flow wp-block-column-is-layout-flow\">\n<figure class=\"wp-block-image size-large\"><a href=\"https:\/\/www.pasbolim.cl\/\"><img loading=\"lazy\" decoding=\"async\" width=\"1024\" height=\"797\" src=\"https:\/\/winklerltda.cl\/detergentesv2\/wp-content\/uploads\/2026\/04\/Pasbolim-1024x797.png\" alt=\"\" class=\"wp-image-5682\" srcset=\"https:\/\/winklerltda.cl\/detergentesv2\/wp-content\/uploads\/2026\/04\/Pasbolim-1024x797.png 1024w, https:\/\/winklerltda.cl\/detergentesv2\/wp-content\/uploads\/2026\/04\/Pasbolim-300x233.png 300w, https:\/\/winklerltda.cl\/detergentesv2\/wp-content\/uploads\/2026\/04\/Pasbolim-768x597.png 768w, https:\/\/winklerltda.cl\/detergentesv2\/wp-content\/uploads\/2026\/04\/Pasbolim-700x545.png 700w, https:\/\/winklerltda.cl\/detergentesv2\/wp-content\/uploads\/2026\/04\/Pasbolim-600x467.png 600w, https:\/\/winklerltda.cl\/detergentesv2\/wp-content\/uploads\/2026\/04\/Pasbolim.png 1063w\" sizes=\"auto, (max-width: 1024px) 100vw, 1024px\" \/><\/a><figcaption class=\"wp-element-caption\">Las Acacias 2598,  La Pintana, Regi\u00f3n Metropolitana<\/figcaption><\/figure>\n<\/div>\n<\/div>\n\n\n\n<p><\/p>\n","protected":false},"excerpt":{"rendered":"Av. Vitacura 6724 Local A-06, Vitacura Av. Capit\u00e1n Antonio Mill\u00e1n 531, Rancagua Piedras grandes 1959, Villa San Rafael, Calama Juan Antonio Rios 770, Antofagasta Sgto Aldea 1317, Iquique, Tarapac\u00e1 Pedro de Valdivia. 6428, Macul Av. Las Parcelas 7950, , Pe\u00f1alol\u00e9n Maria Graham 1470, Lote 12...","protected":false},"author":3,"featured_media":0,"parent":0,"menu_order":0,"comment_status":"closed","ping_status":"closed","template":"","meta":{"footnotes":""},"class_list":["post-4459","page","type-page","status-publish","hentry"],"jetpack_sharing_enabled":true,"_links":{"self":[{"href":"https:\/\/winklerltda.cl\/detergentesv2\/wp-json\/wp\/v2\/pages\/4459","targetHints":{"allow":["GET"]}}],"collection":[{"href":"https:\/\/winklerltda.cl\/detergentesv2\/wp-json\/wp\/v2\/pages"}],"about":[{"href":"https:\/\/winklerltda.cl\/detergentesv2\/wp-json\/wp\/v2\/types\/page"}],"author":[{"embeddable":true,"href":"https:\/\/winklerltda.cl\/detergentesv2\/wp-json\/wp\/v2\/users\/3"}],"replies":[{"embeddable":true,"href":"https:\/\/winklerltda.cl\/detergentesv2\/wp-json\/wp\/v2\/comments?post=4459"}],"version-history":[{"count":23,"href":"https:\/\/winklerltda.cl\/detergentesv2\/wp-json\/wp\/v2\/pages\/4459\/revisions"}],"predecessor-version":[{"id":5685,"href":"https:\/\/winklerltda.cl\/detergentesv2\/wp-json\/wp\/v2\/pages\/4459\/revisions\/5685"}],"wp:attachment":[{"href":"https:\/\/winklerltda.cl\/detergentesv2\/wp-json\/wp\/v2\/media?parent=4459"}],"curies":[{"name":"wp","href":"https:\/\/api.w.org\/{rel}","templated":true}]}}