{"id":3594,"date":"2022-05-31T10:24:59","date_gmt":"2022-05-31T13:24:59","guid":{"rendered":"https:\/\/winklerltda.cl\/detergentesv2\/?page_id=3594"},"modified":"2026-04-27T10:58:55","modified_gmt":"2026-04-27T13:58:55","slug":"catalogos-2","status":"publish","type":"page","link":"https:\/\/winklerltda.cl\/detergentesv2\/catalogos-2\/","title":{"rendered":"Cat\u00e1logos"},"content":{"rendered":"<div id=\"attachment_4650\" style=\"width: 1034px\" class=\"wp-caption alignnone\"><a href=\"https:\/\/winklerltda.cl\/detergentesv2\/wp-content\/uploads\/2025\/12\/Catalogo-Articulos-Winkler.pdf\"><img loading=\"lazy\" decoding=\"async\" aria-describedby=\"caption-attachment-4650\" class=\"wp-image-4650 size-large\" src=\"https:\/\/winklerltda.cl\/detergentesv2\/wp-content\/uploads\/2024\/09\/Catalago-Winkler-2025-25-1024x683.jpg\" alt=\"\" width=\"1024\" height=\"683\" srcset=\"https:\/\/winklerltda.cl\/detergentesv2\/wp-content\/uploads\/2024\/09\/Catalago-Winkler-2025-25-1024x683.jpg 1024w, https:\/\/winklerltda.cl\/detergentesv2\/wp-content\/uploads\/2024\/09\/Catalago-Winkler-2025-25-600x400.jpg 600w, https:\/\/winklerltda.cl\/detergentesv2\/wp-content\/uploads\/2024\/09\/Catalago-Winkler-2025-25-300x200.jpg 300w, https:\/\/winklerltda.cl\/detergentesv2\/wp-content\/uploads\/2024\/09\/Catalago-Winkler-2025-25-768x512.jpg 768w, https:\/\/winklerltda.cl\/detergentesv2\/wp-content\/uploads\/2024\/09\/Catalago-Winkler-2025-25-1536x1024.jpg 1536w, https:\/\/winklerltda.cl\/detergentesv2\/wp-content\/uploads\/2024\/09\/Catalago-Winkler-2025-25-2048x1365.jpg 2048w, https:\/\/winklerltda.cl\/detergentesv2\/wp-content\/uploads\/2024\/09\/Catalago-Winkler-2025-25-240x160.jpg 240w, https:\/\/winklerltda.cl\/detergentesv2\/wp-content\/uploads\/2024\/09\/Catalago-Winkler-2025-25-700x467.jpg 700w\" sizes=\"auto, (max-width: 1024px) 100vw, 1024px\" \/><\/a><p id=\"caption-attachment-4650\" class=\"wp-caption-text\">Winkler Accesorios<\/p><\/div>\n\n<div id=\"attachment_4106\" style=\"width: 1034px\" class=\"wp-caption alignnone\"><a href=\"https:\/\/winklerltda.cl\/detergentesv2\/wp-content\/uploads\/2026\/02\/Catalogo-Limpieza-de-Piscina-Winkler.pdf\"><img loading=\"lazy\" decoding=\"async\" aria-describedby=\"caption-attachment-4106\" class=\"wp-image-4106 size-large\" src=\"https:\/\/winklerltda.cl\/detergentesv2\/wp-content\/uploads\/2023\/02\/catalogo-1024x683.jpg\" alt=\"\" width=\"1024\" height=\"683\" srcset=\"https:\/\/winklerltda.cl\/detergentesv2\/wp-content\/uploads\/2023\/02\/catalogo-1024x683.jpg 1024w, https:\/\/winklerltda.cl\/detergentesv2\/wp-content\/uploads\/2023\/02\/catalogo-600x400.jpg 600w, https:\/\/winklerltda.cl\/detergentesv2\/wp-content\/uploads\/2023\/02\/catalogo-300x200.jpg 300w, https:\/\/winklerltda.cl\/detergentesv2\/wp-content\/uploads\/2023\/02\/catalogo-768x512.jpg 768w, https:\/\/winklerltda.cl\/detergentesv2\/wp-content\/uploads\/2023\/02\/catalogo-1536x1024.jpg 1536w, https:\/\/winklerltda.cl\/detergentesv2\/wp-content\/uploads\/2023\/02\/catalogo-2048x1365.jpg 2048w, https:\/\/winklerltda.cl\/detergentesv2\/wp-content\/uploads\/2023\/02\/catalogo-240x160.jpg 240w, https:\/\/winklerltda.cl\/detergentesv2\/wp-content\/uploads\/2023\/02\/catalogo-700x467.jpg 700w\" sizes=\"auto, (max-width: 1024px) 100vw, 1024px\" \/><\/a><p id=\"caption-attachment-4106\" class=\"wp-caption-text\">Limpieza de Piscina<\/p><\/div>\n\n<div id=\"attachment_4859\" style=\"width: 1034px\" class=\"wp-caption alignnone\"><a href=\"https:\/\/winklerltda.cl\/detergentesv2\/wp-content\/uploads\/2025\/03\/Catalogo-Hogar-Winkler.pdf\"><img loading=\"lazy\" decoding=\"async\" aria-describedby=\"caption-attachment-4859\" class=\"wp-image-4859 size-large\" src=\"https:\/\/winklerltda.cl\/detergentesv2\/wp-content\/uploads\/2025\/03\/Catalogo-Hogar-1024x683.jpg\" alt=\"\" width=\"1024\" height=\"683\" srcset=\"https:\/\/winklerltda.cl\/detergentesv2\/wp-content\/uploads\/2025\/03\/Catalogo-Hogar-1024x683.jpg 1024w, https:\/\/winklerltda.cl\/detergentesv2\/wp-content\/uploads\/2025\/03\/Catalogo-Hogar-600x400.jpg 600w, https:\/\/winklerltda.cl\/detergentesv2\/wp-content\/uploads\/2025\/03\/Catalogo-Hogar-300x200.jpg 300w, https:\/\/winklerltda.cl\/detergentesv2\/wp-content\/uploads\/2025\/03\/Catalogo-Hogar-768x512.jpg 768w, https:\/\/winklerltda.cl\/detergentesv2\/wp-content\/uploads\/2025\/03\/Catalogo-Hogar-1536x1024.jpg 1536w, https:\/\/winklerltda.cl\/detergentesv2\/wp-content\/uploads\/2025\/03\/Catalogo-Hogar-2048x1365.jpg 2048w, https:\/\/winklerltda.cl\/detergentesv2\/wp-content\/uploads\/2025\/03\/Catalogo-Hogar-240x160.jpg 240w, https:\/\/winklerltda.cl\/detergentesv2\/wp-content\/uploads\/2025\/03\/Catalogo-Hogar-700x467.jpg 700w\" sizes=\"auto, (max-width: 1024px) 100vw, 1024px\" \/><\/a><p id=\"caption-attachment-4859\" class=\"wp-caption-text\">L\u00ednea Hogar<\/p><\/div>\n\n<div id=\"attachment_4615\" style=\"width: 1032px\" class=\"wp-caption alignnone\"><a href=\"https:\/\/winklerltda.cl\/detergentesv2\/wp-content\/uploads\/2024\/07\/Higiene-y-Desinfeccion-en-Plantas-Lacteo-Queseras.pdf\"><img loading=\"lazy\" decoding=\"async\" aria-describedby=\"caption-attachment-4615\" class=\"wp-image-4615\" src=\"https:\/\/winklerltda.cl\/detergentesv2\/wp-content\/uploads\/2024\/07\/Catalogo-Alimento-300x200.jpg\" alt=\"Cat\u00e1logo Higiene y Desinfecci\u00f3n en Plantas L\u00e1cteo Queseras\" width=\"1022\" height=\"681\" srcset=\"https:\/\/winklerltda.cl\/detergentesv2\/wp-content\/uploads\/2024\/07\/Catalogo-Alimento-300x200.jpg 300w, https:\/\/winklerltda.cl\/detergentesv2\/wp-content\/uploads\/2024\/07\/Catalogo-Alimento-600x400.jpg 600w, https:\/\/winklerltda.cl\/detergentesv2\/wp-content\/uploads\/2024\/07\/Catalogo-Alimento-1024x683.jpg 1024w, https:\/\/winklerltda.cl\/detergentesv2\/wp-content\/uploads\/2024\/07\/Catalogo-Alimento-768x512.jpg 768w, https:\/\/winklerltda.cl\/detergentesv2\/wp-content\/uploads\/2024\/07\/Catalogo-Alimento-1536x1024.jpg 1536w, https:\/\/winklerltda.cl\/detergentesv2\/wp-content\/uploads\/2024\/07\/Catalogo-Alimento-2048x1365.jpg 2048w, https:\/\/winklerltda.cl\/detergentesv2\/wp-content\/uploads\/2024\/07\/Catalogo-Alimento-240x160.jpg 240w, https:\/\/winklerltda.cl\/detergentesv2\/wp-content\/uploads\/2024\/07\/Catalogo-Alimento-700x467.jpg 700w\" sizes=\"auto, (max-width: 1022px) 100vw, 1022px\" \/><\/a><p id=\"caption-attachment-4615\" class=\"wp-caption-text\">Higiene y Desinfecci\u00f3n en Planta L\u00e1cteo Queseras<\/p><\/div>\n\n<!-- \/wp:post-content -->\n\n<!-- wp:image {\"lightbox\":{\"enabled\":false},\"id\":5562,\"sizeSlug\":\"large\",\"linkDestination\":\"custom\"} -->\n<figure class=\"wp-block-image size-large\"><a href=\"https:\/\/winklerltda.cl\/detergentesv2\/wp-content\/uploads\/2026\/04\/Catalogo-Div.-Educacion-Oficial.pdf\"><img loading=\"lazy\" decoding=\"async\" width=\"1024\" height=\"683\" class=\"wp-image-5562\" src=\"https:\/\/winklerltda.cl\/detergentesv2\/wp-content\/uploads\/2025\/10\/Educacion-web-1024x683.jpg\" alt=\"\" srcset=\"https:\/\/winklerltda.cl\/detergentesv2\/wp-content\/uploads\/2025\/10\/Educacion-web-1024x683.jpg 1024w, https:\/\/winklerltda.cl\/detergentesv2\/wp-content\/uploads\/2025\/10\/Educacion-web-300x200.jpg 300w, https:\/\/winklerltda.cl\/detergentesv2\/wp-content\/uploads\/2025\/10\/Educacion-web-768x512.jpg 768w, https:\/\/winklerltda.cl\/detergentesv2\/wp-content\/uploads\/2025\/10\/Educacion-web-1536x1024.jpg 1536w, https:\/\/winklerltda.cl\/detergentesv2\/wp-content\/uploads\/2025\/10\/Educacion-web-2048x1365.jpg 2048w, https:\/\/winklerltda.cl\/detergentesv2\/wp-content\/uploads\/2025\/10\/Educacion-web-700x467.jpg 700w, https:\/\/winklerltda.cl\/detergentesv2\/wp-content\/uploads\/2025\/10\/Educacion-web-600x400.jpg 600w\" sizes=\"auto, (max-width: 1024px) 100vw, 1024px\" \/>Divisi\u00f3n Educaci\u00f3n<\/a><\/figure>\n<!-- \/wp:image -->\n\n<!-- wp:paragraph -->\n\n<!-- \/wp:paragraph -->\n\n<!-- wp:image {\"lightbox\":{\"enabled\":false},\"id\":5692,\"width\":\"1025px\",\"height\":\"auto\",\"aspectRatio\":\"1.499326534539157\",\"sizeSlug\":\"large\",\"linkDestination\":\"custom\",\"align\":\"left\"} -->\n<figure class=\"wp-block-image alignleft size-large is-resized\"><a href=\"https:\/\/winklerltda.cl\/detergentesv2\/wp-content\/uploads\/2026\/02\/Catalogo-Automotriz.pdf\"><img loading=\"lazy\" decoding=\"async\" width=\"1024\" height=\"683\" class=\"wp-image-5692\" style=\"aspect-ratio: 1.499326534539157; width: 1025px; height: auto;\" src=\"https:\/\/winklerltda.cl\/detergentesv2\/wp-content\/uploads\/2026\/04\/Catalogo-Automotriz-Winkler-1024x683.jpg\" alt=\"Cat\u00e1logo Automotriz\" srcset=\"https:\/\/winklerltda.cl\/detergentesv2\/wp-content\/uploads\/2026\/04\/Catalogo-Automotriz-Winkler-1024x683.jpg 1024w, https:\/\/winklerltda.cl\/detergentesv2\/wp-content\/uploads\/2026\/04\/Catalogo-Automotriz-Winkler-300x200.jpg 300w, https:\/\/winklerltda.cl\/detergentesv2\/wp-content\/uploads\/2026\/04\/Catalogo-Automotriz-Winkler-768x512.jpg 768w, https:\/\/winklerltda.cl\/detergentesv2\/wp-content\/uploads\/2026\/04\/Catalogo-Automotriz-Winkler-1536x1024.jpg 1536w, https:\/\/winklerltda.cl\/detergentesv2\/wp-content\/uploads\/2026\/04\/Catalogo-Automotriz-Winkler-2048x1365.jpg 2048w, https:\/\/winklerltda.cl\/detergentesv2\/wp-content\/uploads\/2026\/04\/Catalogo-Automotriz-Winkler-700x467.jpg 700w, https:\/\/winklerltda.cl\/detergentesv2\/wp-content\/uploads\/2026\/04\/Catalogo-Automotriz-Winkler-600x400.jpg 600w\" sizes=\"auto, (max-width: 1024px) 100vw, 1024px\" \/> Automotriz<\/a><\/figure>\n<!-- \/wp:image -->\n\n<!-- wp:paragraph -->\n\n<!-- \/wp:paragraph -->\n\n<!-- wp:image {\"lightbox\":{\"enabled\":false},\"id\":5698,\"width\":\"1024px\",\"height\":\"auto\",\"aspectRatio\":\"1.500010370646921\",\"sizeSlug\":\"large\",\"linkDestination\":\"custom\"} -->\n\n<a href=\"https:\/\/winklerltda.cl\/detergentesv2\/wp-content\/uploads\/2026\/04\/Catalogo-Winkler-Convenio-Marco.pdf\" data-wplink-edit=\"true\"><img loading=\"lazy\" decoding=\"async\" width=\"1024\" height=\"683\" class=\"wp-image-5698\" style=\"aspect-ratio: 1.500010370646921; width: 1024px; height: auto;\" src=\"https:\/\/winklerltda.cl\/detergentesv2\/wp-content\/uploads\/2026\/04\/Convenio-Marco-1024x683.jpg\" alt=\"\" srcset=\"https:\/\/winklerltda.cl\/detergentesv2\/wp-content\/uploads\/2026\/04\/Convenio-Marco-1024x683.jpg 1024w, https:\/\/winklerltda.cl\/detergentesv2\/wp-content\/uploads\/2026\/04\/Convenio-Marco-300x200.jpg 300w, https:\/\/winklerltda.cl\/detergentesv2\/wp-content\/uploads\/2026\/04\/Convenio-Marco-768x512.jpg 768w, https:\/\/winklerltda.cl\/detergentesv2\/wp-content\/uploads\/2026\/04\/Convenio-Marco-1536x1024.jpg 1536w, https:\/\/winklerltda.cl\/detergentesv2\/wp-content\/uploads\/2026\/04\/Convenio-Marco-2048x1365.jpg 2048w, https:\/\/winklerltda.cl\/detergentesv2\/wp-content\/uploads\/2026\/04\/Convenio-Marco-700x467.jpg 700w, https:\/\/winklerltda.cl\/detergentesv2\/wp-content\/uploads\/2026\/04\/Convenio-Marco-600x400.jpg 600w\" sizes=\"auto, (max-width: 1024px) 100vw, 1024px\" \/><\/a>\n\nConvenio Marco<!-- \/wp:image -->","protected":false},"excerpt":{"rendered":"<p>Divisi\u00f3n Educaci\u00f3n Automotriz Convenio Marco<\/p>\n","protected":false},"author":3,"featured_media":0,"parent":0,"menu_order":0,"comment_status":"closed","ping_status":"closed","template":"","meta":{"footnotes":""},"class_list":["post-3594","page","type-page","status-publish","hentry"],"jetpack_sharing_enabled":true,"_links":{"self":[{"href":"https:\/\/winklerltda.cl\/detergentesv2\/wp-json\/wp\/v2\/pages\/3594","targetHints":{"allow":["GET"]}}],"collection":[{"href":"https:\/\/winklerltda.cl\/detergentesv2\/wp-json\/wp\/v2\/pages"}],"about":[{"href":"https:\/\/winklerltda.cl\/detergentesv2\/wp-json\/wp\/v2\/types\/page"}],"author":[{"embeddable":true,"href":"https:\/\/winklerltda.cl\/detergentesv2\/wp-json\/wp\/v2\/users\/3"}],"replies":[{"embeddable":true,"href":"https:\/\/winklerltda.cl\/detergentesv2\/wp-json\/wp\/v2\/comments?post=3594"}],"version-history":[{"count":70,"href":"https:\/\/winklerltda.cl\/detergentesv2\/wp-json\/wp\/v2\/pages\/3594\/revisions"}],"predecessor-version":[{"id":5711,"href":"https:\/\/winklerltda.cl\/detergentesv2\/wp-json\/wp\/v2\/pages\/3594\/revisions\/5711"}],"wp:attachment":[{"href":"https:\/\/winklerltda.cl\/detergentesv2\/wp-json\/wp\/v2\/media?parent=3594"}],"curies":[{"name":"wp","href":"https:\/\/api.w.org\/{rel}","templated":true}]}}