{"id":22,"date":"2017-04-27T20:37:45","date_gmt":"2017-04-27T20:37:45","guid":{"rendered":"http:\/\/winklerltda.cl\/detergentesv2\/?page_id=22"},"modified":"2025-01-20T16:01:29","modified_gmt":"2025-01-20T19:01:29","slug":"quienes-somos","status":"publish","type":"page","link":"https:\/\/winklerltda.cl\/detergentesv2\/quienes-somos\/","title":{"rendered":"Quienes somos"},"content":{"rendered":"<p>[vc_row css_animation=\u00bb\u00bb row_type=\u00bbrow\u00bb use_row_as_full_screen_section=\u00bbno\u00bb type=\u00bbfull_width\u00bb angled_section=\u00bbno\u00bb text_align=\u00bbleft\u00bb background_image_as_pattern=\u00bbwithout_pattern\u00bb css=\u00bb.vc_custom_1492645464676{margin-top: 0px !important;margin-bottom: 0px !important;padding-top: 40px !important;padding-bottom: 40px !important;background-color: #ffffff !important;}\u00bb][vc_column][vc_row_inner row_type=\u00bbrow\u00bb type=\u00bbgrid\u00bb text_align=\u00bbleft\u00bb css_animation=\u00bb\u00bb el_class=\u00bbnos-det\u00bb][vc_column_inner][qode_elements_holder background_color=\u00bb#f7f7f7&#8243; number_of_columns=\u00bbtwo_columns\u00bb columns_proportion=\u00bb66_33&#8243;][qode_elements_holder_item vertical_alignment=\u00bbmiddle\u00bb advanced_animations=\u00bbno\u00bb background_color=\u00bb#f7f7f7&#8243; item_padding=\u00bb30px\u00bb][vc_column_text]<\/p>\n<p style=\"text-align: justify;\">El \u00e1rea detergente se incorpora como divisi\u00f3n dentro de Winkler Limitada en el a\u00f1o 2000,\u00a0 \u00a0con\u00a0 la\u00a0 \u00a0fabricaci\u00f3n\u00a0 \u00a0Detergentes\u00a0 \u00a0 Qu\u00edmicos\u00a0 \u00a0 Industriales,\u00a0 \u00a0 abarcando\u00a0 \u00a0 las\u00a0 \u00a0 siguientes\u00a0 \u00a0 familias\u00a0 \u00a0 principalmente:\u00a0 alimento,\u00a0 \u00a0 desinfectantes,\u00a0 \u00a0 desengrasantes,\u00a0 \u00a0 multiusos,\u00a0 \u00a0 automotriz\u00a0 \u00a0 y\u00a0 \u00a0 desodorantes\u00a0 \u00a0 ambientales.<\/p>\n<p style=\"text-align: justify;\">Durante el a\u00f1o 2002, se integra la familia de accesorios e implementos de aseo. \u00a0Posteriormente, en el\u00a0 2007, con la adquisici\u00f3n de m\u00e1quinas italianas de alta tecnolog\u00eda, comienza el proceso de conversi\u00f3n de Papel Tissue, considerando productos como papel higi\u00e9nico, toallas industriales, sabanillas m\u00e9dicas y servilletas.<\/p>\n<p style=\"text-align: justify;\">Durante\u00a0 el\u00a0 \u00a0 \u00a02015,\u00a0 \u00a0con\u00a0 \u00a0la\u00a0 \u00a0compra\u00a0 \u00a0de\u00a0 \u00a0m\u00e1quinas\u00a0 \u00a0extrusoras,\u00a0 \u00a0cortadoras\u00a0 \u00a0y\u00a0 \u00a0selladoras,\u00a0 \u00a0se inicia la fabricaci\u00f3n de bolsas institucionales de basura, para luego en el 2017 hacer el ingreso de accesorios industriales con la marca SUPER PRO.<\/p>\n<p style=\"text-align: justify;\">Winkler Limitada cuenta con instalaciones debidamente autorizadas por Seremi e Instituto de Salud P\u00fablica, bajo sistema ISO 9001-2015. Adem\u00e1s posee laboratorios de control de calidad y desarrollo de nuevos productos, adapt\u00e1ndonos a las necesidades de nuestros clientes y entregar soluciones de limpieza de calidad. Prestamos servicio en\u00a0 despacho con flota propia, ponemos a su disposici\u00f3n toda nuestra experiencia t\u00e9cnica para una adecuada evaluaci\u00f3n y as\u00ed disminuir gastos innecesarios, equipos dosificadores, kit de medici\u00f3n, material informativo y capacitaciones para el personal, considerando sus propios requerimientos y de las normas vigentes.\u00a0 Para cada necesidad existe un producto adecuado y garantizamos su \u00f3ptimo resultado.<\/p>\n<p style=\"text-align: justify;\">Desde mediados de a\u00f1o 2019 la empresa se encuentra implementando del c\u00f3digo de \u00e9tica, seguridad y conducta laboral SMETA, el cual enuncia los principios y normas que gu\u00edan la conducta correcta de los distintos integrantes de la empresa y refleja nuestros valores corporativos. Este c\u00f3digo se basa en las disposiciones adoptadas en la Declaraci\u00f3n sobre Principios y Derechos Fundamentales en el Trabajo de la Organizaci\u00f3n Internacional del Trabajo, la Declaraci\u00f3n Universal de Derechos Humanos y el Pacto Mundial de la ONU y pretende afectar positivamente a todas las partes interesadas en el negocio. A continuaci\u00f3n encontrara un diagrama un resumen de las principales directrices y normas que gu\u00edan la conducta de los distintos integrantes de la empresa y refleja nuestros valores, ademas de nuestro c\u00f3digo descargable en el siguiente icono <a href=\"https:\/\/winklerltda.cl\/detergentesv2\/wp-content\/uploads\/2025\/01\/Codigo-de-Etica-y-Conducta-Winkler-H-0031-Rev.02.pdf\" target=\"_blank\" rel=\"noopener noreferrer\"><img loading=\"lazy\" decoding=\"async\" class=\"alignnone\" src=\"\/detergentesv2\/wp-content\/uploads\/2017\/05\/ift.png\" alt=\"\" width=\"25\" height=\"25\" \/><\/a>.<\/p>\n<p>Te invitamos a descargar nuestra <strong>POLI\u0301TICA DEL SISTEMA DE GESTIO\u0301N DE CALIDAD<\/strong> <a href=\"https:\/\/winklerltda.cl\/detergentesv2\/wp-content\/uploads\/2025\/01\/Politica-del-sistema-de-Gestion-de-calidad-Rev.-03.pdf\" target=\"_blank\" rel=\"noopener noreferrer\"><img loading=\"lazy\" decoding=\"async\" class=\"alignnone\" src=\"\/detergentesv2\/wp-content\/uploads\/2017\/05\/ift.png\" alt=\"\" width=\"25\" height=\"25\" \/><\/a>.<\/p>\n<p>Te invitamos a descargar Pa\u00edses sancionados por las UN. <a href=\"https:\/\/winklerltda.cl\/detergentesv2\/wp-content\/uploads\/2025\/01\/Lista-de-paises-Sancionados-UN.pdf\" target=\"_blank\" rel=\"noopener noreferrer\"><img loading=\"lazy\" decoding=\"async\" class=\"alignnone\" src=\"\/detergentesv2\/wp-content\/uploads\/2017\/05\/ift.png\" alt=\"\" width=\"25\" height=\"25\" \/><\/a>[\/vc_column_text][\/qode_elements_holder_item][qode_elements_holder_item vertical_alignment=\u00bbbottom\u00bb advanced_animations=\u00bbno\u00bb background_image=\u00bb309&#8243;][\/qode_elements_holder_item][\/qode_elements_holder][\/vc_column_inner][\/vc_row_inner][\/vc_column][\/vc_row][vc_row css_animation=\u00bb\u00bb row_type=\u00bbrow\u00bb use_row_as_full_screen_section=\u00bbno\u00bb type=\u00bbfull_width\u00bb angled_section=\u00bbno\u00bb text_align=\u00bbleft\u00bb background_image_as_pattern=\u00bbwithout_pattern\u00bb css=\u00bb.vc_custom_1492645464676{margin-top: 0px !important;margin-bottom: 0px !important;padding-top: 40px !important;padding-bottom: 40px !important;background-color: #ffffff !important;}\u00bb][vc_column][vc_row_inner row_type=\u00bbrow\u00bb type=\u00bbgrid\u00bb text_align=\u00bbleft\u00bb css_animation=\u00bb\u00bb][vc_column_inner width=\u00bb1\/12&#8243;][\/vc_column_inner][vc_column_inner width=\u00bb10\/12&#8243;][\/vc_column_inner][vc_column_inner width=\u00bb1\/12&#8243;][\/vc_column_inner][\/vc_row_inner][\/vc_column][\/vc_row]<\/p>\n","protected":false},"excerpt":{"rendered":"<p>[vc_row css_animation=\u00bb\u00bb row_type=\u00bbrow\u00bb use_row_as_full_screen_section=\u00bbno\u00bb type=\u00bbfull_width\u00bb angled_section=\u00bbno\u00bb text_align=\u00bbleft\u00bb background_image_as_pattern=\u00bbwithout_pattern\u00bb css=\u00bb.vc_custom_1492645464676{margin-top: 0px !important;margin-bottom: 0px !important;padding-top: 40px !important;padding-bottom: 40px !important;background-color: #ffffff !important;}\u00bb][vc_column][vc_row_inner row_type=\u00bbrow\u00bb type=\u00bbgrid\u00bb text_align=\u00bbleft\u00bb css_animation=\u00bb\u00bb el_class=\u00bbnos-det\u00bb][vc_column_inner][qode_elements_holder background_color=\u00bb#f7f7f7&#8243; number_of_columns=\u00bbtwo_columns\u00bb columns_proportion=\u00bb66_33&#8243;][qode_elements_holder_item vertical_alignment=\u00bbmiddle\u00bb advanced_animations=\u00bbno\u00bb background_color=\u00bb#f7f7f7&#8243; item_padding=\u00bb30px\u00bb][vc_column_text] El \u00e1rea detergente se incorpora como divisi\u00f3n dentro de Winkler Limitada en el a\u00f1o&#8230;<\/p>\n","protected":false},"author":1,"featured_media":0,"parent":0,"menu_order":0,"comment_status":"closed","ping_status":"closed","template":"full_width.php","meta":{"footnotes":""},"class_list":["post-22","page","type-page","status-publish","hentry"],"jetpack_sharing_enabled":true,"_links":{"self":[{"href":"https:\/\/winklerltda.cl\/detergentesv2\/wp-json\/wp\/v2\/pages\/22","targetHints":{"allow":["GET"]}}],"collection":[{"href":"https:\/\/winklerltda.cl\/detergentesv2\/wp-json\/wp\/v2\/pages"}],"about":[{"href":"https:\/\/winklerltda.cl\/detergentesv2\/wp-json\/wp\/v2\/types\/page"}],"author":[{"embeddable":true,"href":"https:\/\/winklerltda.cl\/detergentesv2\/wp-json\/wp\/v2\/users\/1"}],"replies":[{"embeddable":true,"href":"https:\/\/winklerltda.cl\/detergentesv2\/wp-json\/wp\/v2\/comments?post=22"}],"version-history":[{"count":28,"href":"https:\/\/winklerltda.cl\/detergentesv2\/wp-json\/wp\/v2\/pages\/22\/revisions"}],"predecessor-version":[{"id":4728,"href":"https:\/\/winklerltda.cl\/detergentesv2\/wp-json\/wp\/v2\/pages\/22\/revisions\/4728"}],"wp:attachment":[{"href":"https:\/\/winklerltda.cl\/detergentesv2\/wp-json\/wp\/v2\/media?parent=22"}],"curies":[{"name":"wp","href":"https:\/\/api.w.org\/{rel}","templated":true}]}}