{"id":2,"date":"2017-04-23T18:40:12","date_gmt":"2017-04-23T21:40:12","guid":{"rendered":"http:\/\/winklerltda.cl\/detergentesv2\/?page_id=2"},"modified":"2023-10-18T09:08:07","modified_gmt":"2023-10-18T12:08:07","slug":"inicio","status":"publish","type":"page","link":"https:\/\/winklerltda.cl\/detergentesv2\/","title":{"rendered":"Inicio"},"content":{"rendered":"<p>[vc_row css_animation=\u00bb\u00bb row_type=\u00bbrow\u00bb use_row_as_full_screen_section=\u00bbno\u00bb type=\u00bbfull_width\u00bb angled_section=\u00bbno\u00bb text_align=\u00bbleft\u00bb background_image_as_pattern=\u00bbwithout_pattern\u00bb][vc_column][vc_column_text]<\/p>\n<div class=\"texto-centrado\">\n<h3 class=\"titulo-home-top\">WINKLER LTDA.<\/h3>\n<p><strong>Mesa Central<\/strong><br \/>\nFono: (56-2) 2482 6500<\/p>\n<p><strong>Ventas &#8211; Detergentes<\/strong><\/p>\n<p><a href=\"mailto:gerencia@winklerltda.com\"><b>gerencia@winklerltda.com<\/b><\/a><\/p>\n<p>&nbsp;<\/p>\n<p>&nbsp;<\/p>\n<\/div>\n<p>[\/vc_column_text][vc_column_text]<\/p>\n<div class=\"wpb_column vc_column_container vc_col-sm-12\">\n<div class=\"bloque-alto\">\n<div class=\"bloque-abajo\">Proveemos detergentes Industriales, desinfectantes y art\u00edculos de aseo a la Industria, educaci\u00f3n y salud entre otros sectores.&nbsp; <a class=\"boton-revolution\" href=\"https:\/\/winklerltda.cl\/detergentesv2\/contacto\/\">CONT\u00c1CTENOS<\/a><\/div>\n<\/div>\n<\/div>\n<p>[\/vc_column_text][\/vc_column][\/vc_row]<\/p>\n","protected":false},"excerpt":{"rendered":"<p>[vc_row css_animation=\u00bb\u00bb row_type=\u00bbrow\u00bb use_row_as_full_screen_section=\u00bbno\u00bb type=\u00bbfull_width\u00bb angled_section=\u00bbno\u00bb text_align=\u00bbleft\u00bb background_image_as_pattern=\u00bbwithout_pattern\u00bb][vc_column][vc_column_text] WINKLER LTDA. Mesa Central Fono: (56-2) 2482 6500 Ventas &#8211; Detergentes gerencia@winklerltda.com &nbsp; &nbsp; [\/vc_column_text][vc_column_text] Proveemos detergentes Industriales, desinfectantes y art\u00edculos de aseo a la Industria, educaci\u00f3n y salud entre otros sectores.&nbsp; CONT\u00c1CTENOS [\/vc_column_text][\/vc_column][\/vc_row]<\/p>\n","protected":false},"author":1,"featured_media":0,"parent":0,"menu_order":0,"comment_status":"closed","ping_status":"closed","template":"full_width.php","meta":{"footnotes":""},"class_list":["post-2","page","type-page","status-publish","hentry"],"jetpack_sharing_enabled":true,"_links":{"self":[{"href":"https:\/\/winklerltda.cl\/detergentesv2\/wp-json\/wp\/v2\/pages\/2","targetHints":{"allow":["GET"]}}],"collection":[{"href":"https:\/\/winklerltda.cl\/detergentesv2\/wp-json\/wp\/v2\/pages"}],"about":[{"href":"https:\/\/winklerltda.cl\/detergentesv2\/wp-json\/wp\/v2\/types\/page"}],"author":[{"embeddable":true,"href":"https:\/\/winklerltda.cl\/detergentesv2\/wp-json\/wp\/v2\/users\/1"}],"replies":[{"embeddable":true,"href":"https:\/\/winklerltda.cl\/detergentesv2\/wp-json\/wp\/v2\/comments?post=2"}],"version-history":[{"count":38,"href":"https:\/\/winklerltda.cl\/detergentesv2\/wp-json\/wp\/v2\/pages\/2\/revisions"}],"predecessor-version":[{"id":4373,"href":"https:\/\/winklerltda.cl\/detergentesv2\/wp-json\/wp\/v2\/pages\/2\/revisions\/4373"}],"wp:attachment":[{"href":"https:\/\/winklerltda.cl\/detergentesv2\/wp-json\/wp\/v2\/media?parent=2"}],"curies":[{"name":"wp","href":"https:\/\/api.w.org\/{rel}","templated":true}]}}